{"id":2260,"date":"2023-06-02T09:21:35","date_gmt":"2023-06-02T09:21:35","guid":{"rendered":"https:\/\/ruderschuhe.com\/shipping__delivery\/"},"modified":"2025-05-20T10:36:01","modified_gmt":"2025-05-20T10:36:01","slug":"shipping__delivery","status":"publish","type":"page","link":"https:\/\/ruderschuhe.com\/de\/shipping__delivery\/","title":{"rendered":"Schnelle und sichere Lieferung | Versandinformationen | Ruderschuhe.com"},"content":{"rendered":"<div data-elementor-type=\"wp-page\" data-elementor-id=\"2260\" class=\"elementor elementor-2260\" data-elementor-post-type=\"page\">\n\t\t\t\t\t\t<section class=\"elementor-section elementor-top-section elementor-element elementor-element-5c2ea33 elementor-section-boxed elementor-section-height-default elementor-section-height-default\" data-id=\"5c2ea33\" data-element_type=\"section\">\n\t\t\t\t\t\t<div class=\"elementor-container elementor-column-gap-default\">\n\t\t\t\t\t<div class=\"elementor-column elementor-col-100 elementor-top-column elementor-element elementor-element-dfe328f\" data-id=\"dfe328f\" data-element_type=\"column\">\n\t\t\t<div class=\"elementor-widget-wrap elementor-element-populated\">\n\t\t\t\t\t\t<section class=\"elementor-section elementor-inner-section elementor-element elementor-element-fb65c34 elementor-section-boxed elementor-section-height-default elementor-section-height-default\" data-id=\"fb65c34\" data-element_type=\"section\">\n\t\t\t\t\t\t<div class=\"elementor-container elementor-column-gap-default\">\n\t\t\t\t\t<div class=\"elementor-column elementor-col-100 elementor-inner-column elementor-element elementor-element-f7f30c8\" data-id=\"f7f30c8\" data-element_type=\"column\">\n\t\t\t<div class=\"elementor-widget-wrap elementor-element-populated\">\n\t\t\t\t\t\t<div class=\"elementor-element elementor-element-12ccd5f elementor-widget elementor-widget-text-editor\" data-id=\"12ccd5f\" data-element_type=\"widget\" data-widget_type=\"text-editor.default\">\n\t\t\t\t<div class=\"elementor-widget-container\">\n\t\t\t\t\t\t\t\t\t<p><strong>Wichtige Informationen zu Liefer- und Versandkosten<\/strong><\/p><ul><li>F\u00fcr den Versand auf deutsche Inseln gelten gesonderte Preise. Diese sind auf Anfrage erh\u00e4ltlich.<\/li><\/ul><p><strong>Versand in die Schweiz:<\/strong><\/p><ul><li>Der Versand in die Schweiz erfolgt mit Incoterm DAP (frei Haus, unverzollt, unversteuert).<\/li><li><strong>Wichtig!<\/strong> Geb\u00fchren f\u00fcr die Einfuhrverwaltung, Vorlageprovision sowie Zollgeb\u00fchren und eine Mehrwertsteuer von 8 % werden separat berechnet.<\/li><\/ul>\t\t\t\t\t\t\t\t<\/div>\n\t\t\t\t<\/div>\n\t\t\t\t\t<\/div>\n\t\t<\/div>\n\t\t\t\t\t<\/div>\n\t\t<\/section>\n\t\t\t\t\t<\/div>\n\t\t<\/div>\n\t\t\t\t\t<\/div>\n\t\t<\/section>\n\t\t\t\t<section class=\"elementor-section elementor-top-section elementor-element elementor-element-3dc13b4 elementor-section-boxed elementor-section-height-default elementor-section-height-default\" data-id=\"3dc13b4\" data-element_type=\"section\">\n\t\t\t\t\t\t<div class=\"elementor-container elementor-column-gap-default\">\n\t\t\t\t\t<div class=\"elementor-column elementor-col-100 elementor-top-column elementor-element elementor-element-21e45f0\" data-id=\"21e45f0\" data-element_type=\"column\">\n\t\t\t<div class=\"elementor-widget-wrap elementor-element-populated\">\n\t\t\t\t\t\t<section class=\"elementor-section elementor-inner-section elementor-element elementor-element-021b923 elementor-section-boxed elementor-section-height-default elementor-section-height-default\" data-id=\"021b923\" data-element_type=\"section\">\n\t\t\t\t\t\t<div class=\"elementor-container elementor-column-gap-default\">\n\t\t\t\t\t<div class=\"elementor-column elementor-col-100 elementor-inner-column elementor-element elementor-element-44dee6c\" data-id=\"44dee6c\" data-element_type=\"column\">\n\t\t\t<div class=\"elementor-widget-wrap\">\n\t\t\t\t\t\t\t<\/div>\n\t\t<\/div>\n\t\t\t\t\t<\/div>\n\t\t<\/section>\n\t\t\t\t<section class=\"elementor-section elementor-inner-section elementor-element elementor-element-accc457 elementor-section-boxed elementor-section-height-default elementor-section-height-default\" data-id=\"accc457\" data-element_type=\"section\">\n\t\t\t\t\t\t<div class=\"elementor-container elementor-column-gap-default\">\n\t\t\t\t\t<div class=\"elementor-column elementor-col-100 elementor-inner-column elementor-element elementor-element-82ab4a8\" data-id=\"82ab4a8\" data-element_type=\"column\">\n\t\t\t<div class=\"elementor-widget-wrap elementor-element-populated\">\n\t\t\t\t\t\t<div class=\"elementor-element elementor-element-d64655f elementor-widget elementor-widget-text-editor\" data-id=\"d64655f\" data-element_type=\"widget\" data-widget_type=\"text-editor.default\">\n\t\t\t\t<div class=\"elementor-widget-container\">\n\t\t\t\t\t\t\t\t\t<p><strong>GRUNDLEGENDE INFORMATIONEN ZUR BERECHNUNG DER LIEFERZEIT:<br \/><\/strong><br \/>Wenn Sie bei uns im Rahmen einer Bestellung mehrere Artikel bestellen, f\u00fcr die unterschiedliche Lieferzeiten gelten, versenden wir die Ware in einer gemeinsamen Sendung, sofern wir mit Ihnen nichts anderes vereinbart haben. In diesem Fall gilt f\u00fcr die Warensendung insgesamt die Lieferzeit, die f\u00fcr den Artikel Ihrer Bestellung mit der l\u00e4ngsten Lieferzeit gilt.<\/p><p><strong>L\u00e4nder der Eurogruppe:<\/strong><\/p><p><strong>EU1:<\/strong><br \/>\u00d6sterreich, Belgien, Tschechische Republik, Ungarn, Luxemburg, Niederlande, Polen<\/p><p><strong>EU2:<\/strong><br \/>Kroatien, D\u00e4nemark, Frankreich, Italien, Portugal, Rum\u00e4nien, Slowenien, Spanien<\/p><p><strong>EU3:<\/strong><br \/>Zypern, Bulgarien, Estland, Finnland, Griechenland, Irland, Lettland, Litauen, Slowakei, Schweden<\/p><p><strong>N-EU1:<\/strong><br \/>Vereinigtes K\u00f6nigreich<\/p><p><strong>N-EU2:<\/strong><br \/>Andorra, Norwegen, San Marino, Schweiz<\/p>\t\t\t\t\t\t\t\t<\/div>\n\t\t\t\t<\/div>\n\t\t\t\t\t<\/div>\n\t\t<\/div>\n\t\t\t\t\t<\/div>\n\t\t<\/section>\n\t\t\t\t<section class=\"elementor-section elementor-inner-section elementor-element elementor-element-4c1b87d elementor-section-boxed elementor-section-height-default elementor-section-height-default\" data-id=\"4c1b87d\" data-element_type=\"section\">\n\t\t\t\t\t\t<div class=\"elementor-container elementor-column-gap-default\">\n\t\t\t\t\t<div class=\"elementor-column elementor-col-100 elementor-inner-column elementor-element elementor-element-b6c7ce1\" data-id=\"b6c7ce1\" data-element_type=\"column\">\n\t\t\t<div class=\"elementor-widget-wrap elementor-element-populated\">\n\t\t\t\t\t\t<div class=\"elementor-element elementor-element-86705af elementor-widget elementor-widget-text-editor\" data-id=\"86705af\" data-element_type=\"widget\" data-widget_type=\"text-editor.default\">\n\t\t\t\t<div class=\"elementor-widget-container\">\n\t\t\t\t\t\t\t\t\t<p><strong>LIEFERZEITEN:<\/strong><\/p><p>Nach der Bestellung werden die Produkte verpackt und Sie erhalten Ihre Rechnung, sobald die Waren versandfertig sind.<br \/>Sobald die Zahlung eingegangen ist, werden Ihre Waren umgehend versandt.<\/p><p>Die Lieferung dauert zwischen 2 und 7 Werktagen. Je nach Land und Entfernung.<\/p>\t\t\t\t\t\t\t\t<\/div>\n\t\t\t\t<\/div>\n\t\t\t\t\t<\/div>\n\t\t<\/div>\n\t\t\t\t\t<\/div>\n\t\t<\/section>\n\t\t\t\t\t<\/div>\n\t\t<\/div>\n\t\t\t\t\t<\/div>\n\t\t<\/section>\n\t\t\t\t<\/div>","protected":false},"excerpt":{"rendered":"<p>Important information on delivery and shipping costs separate prices apply for shipping to German islands. These are available on request Shipping to Switzerland: Shipping to Switzerland takes place with incoterm DAP (free domicile, duty unpaid, untaxed) Important! Fees for import administration, presentation commission as well as customs duties and VAT of 8% will be charged [&hellip;]<\/p>","protected":false},"author":2,"featured_media":0,"parent":0,"menu_order":0,"comment_status":"closed","ping_status":"closed","template":"","meta":{"om_disable_all_campaigns":false,"site-sidebar-layout":"default","site-content-layout":"","ast-site-content-layout":"default","site-content-style":"default","site-sidebar-style":"default","ast-global-header-display":"","ast-banner-title-visibility":"","ast-main-header-display":"","ast-hfb-above-header-display":"","ast-hfb-below-header-display":"","ast-hfb-mobile-header-display":"","site-post-title":"","ast-breadcrumbs-content":"","ast-featured-img":"","footer-sml-layout":"","theme-transparent-header-meta":"","adv-header-id-meta":"","stick-header-meta":"","header-above-stick-meta":"","header-main-stick-meta":"","header-below-stick-meta":"","astra-migrate-meta-layouts":"set","ast-page-background-enabled":"default","ast-page-background-meta":{"desktop":{"background-color":"var(--ast-global-color-4)","background-image":"","background-repeat":"repeat","background-position":"center center","background-size":"auto","background-attachment":"scroll","background-type":"","background-media":"","overlay-type":"","overlay-color":"","overlay-opacity":"","overlay-gradient":""},"tablet":{"background-color":"","background-image":"","background-repeat":"repeat","background-position":"center center","background-size":"auto","background-attachment":"scroll","background-type":"","background-media":"","overlay-type":"","overlay-color":"","overlay-opacity":"","overlay-gradient":""},"mobile":{"background-color":"","background-image":"","background-repeat":"repeat","background-position":"center center","background-size":"auto","background-attachment":"scroll","background-type":"","background-media":"","overlay-type":"","overlay-color":"","overlay-opacity":"","overlay-gradient":""}},"ast-content-background-meta":{"desktop":{"background-color":"var(--ast-global-color-5)","background-image":"","background-repeat":"repeat","background-position":"center center","background-size":"auto","background-attachment":"scroll","background-type":"","background-media":"","overlay-type":"","overlay-color":"","overlay-opacity":"","overlay-gradient":""},"tablet":{"background-color":"var(--ast-global-color-5)","background-image":"","background-repeat":"repeat","background-position":"center center","background-size":"auto","background-attachment":"scroll","background-type":"","background-media":"","overlay-type":"","overlay-color":"","overlay-opacity":"","overlay-gradient":""},"mobile":{"background-color":"var(--ast-global-color-5)","background-image":"","background-repeat":"repeat","background-position":"center center","background-size":"auto","background-attachment":"scroll","background-type":"","background-media":"","overlay-type":"","overlay-color":"","overlay-opacity":"","overlay-gradient":""}},"footnotes":""},"class_list":["post-2260","page","type-page","status-publish","hentry"],"aioseo_notices":[],"_links":{"self":[{"href":"https:\/\/ruderschuhe.com\/de\/wp-json\/wp\/v2\/pages\/2260","targetHints":{"allow":["GET"]}}],"collection":[{"href":"https:\/\/ruderschuhe.com\/de\/wp-json\/wp\/v2\/pages"}],"about":[{"href":"https:\/\/ruderschuhe.com\/de\/wp-json\/wp\/v2\/types\/page"}],"author":[{"embeddable":true,"href":"https:\/\/ruderschuhe.com\/de\/wp-json\/wp\/v2\/users\/2"}],"replies":[{"embeddable":true,"href":"https:\/\/ruderschuhe.com\/de\/wp-json\/wp\/v2\/comments?post=2260"}],"version-history":[{"count":4,"href":"https:\/\/ruderschuhe.com\/de\/wp-json\/wp\/v2\/pages\/2260\/revisions"}],"predecessor-version":[{"id":5509,"href":"https:\/\/ruderschuhe.com\/de\/wp-json\/wp\/v2\/pages\/2260\/revisions\/5509"}],"wp:attachment":[{"href":"https:\/\/ruderschuhe.com\/de\/wp-json\/wp\/v2\/media?parent=2260"}],"curies":[{"name":"wp","href":"https:\/\/api.w.org\/{rel}","templated":true}]}}