{"id":997,"date":"2023-04-26T09:22:00","date_gmt":"2023-04-26T09:22:00","guid":{"rendered":"https:\/\/ruderschuhe.com\/?page_id=997"},"modified":"2026-05-05T09:12:56","modified_gmt":"2026-05-05T09:12:56","slug":"imprint","status":"publish","type":"page","link":"https:\/\/ruderschuhe.com\/de\/imprint\/","title":{"rendered":"Impressum"},"content":{"rendered":"<div data-elementor-type=\"wp-page\" data-elementor-id=\"997\" class=\"elementor elementor-997\" data-elementor-post-type=\"page\">\n\t\t\t\t\t\t<section class=\"elementor-section elementor-top-section elementor-element elementor-element-6f7d745 elementor-section-boxed elementor-section-height-default elementor-section-height-default\" data-id=\"6f7d745\" data-element_type=\"section\">\n\t\t\t\t\t\t<div class=\"elementor-container elementor-column-gap-default\">\n\t\t\t\t\t<div class=\"elementor-column elementor-col-100 elementor-top-column elementor-element elementor-element-61b8baf\" data-id=\"61b8baf\" data-element_type=\"column\">\n\t\t\t<div class=\"elementor-widget-wrap elementor-element-populated\">\n\t\t\t\t\t\t<div class=\"elementor-element elementor-element-42a961c elementor-widget elementor-widget-heading\" data-id=\"42a961c\" data-element_type=\"widget\" data-widget_type=\"heading.default\">\n\t\t\t\t<div class=\"elementor-widget-container\">\n\t\t\t\t\t<h2 class=\"elementor-heading-title elementor-size-default\">IMPRESSUM<\/h2>\t\t\t\t<\/div>\n\t\t\t\t<\/div>\n\t\t\t\t\t<\/div>\n\t\t<\/div>\n\t\t\t\t\t<\/div>\n\t\t<\/section>\n\t\t\t\t<section class=\"elementor-section elementor-top-section elementor-element elementor-element-1c2dda0 elementor-section-boxed elementor-section-height-default elementor-section-height-default\" data-id=\"1c2dda0\" data-element_type=\"section\">\n\t\t\t\t\t\t<div class=\"elementor-container elementor-column-gap-default\">\n\t\t\t\t\t<div class=\"elementor-column elementor-col-100 elementor-top-column elementor-element elementor-element-26ab2c4\" data-id=\"26ab2c4\" data-element_type=\"column\">\n\t\t\t<div class=\"elementor-widget-wrap elementor-element-populated\">\n\t\t\t\t\t\t<div class=\"elementor-element elementor-element-05de2c5 elementor-widget elementor-widget-text-editor\" data-id=\"05de2c5\" data-element_type=\"widget\" data-widget_type=\"text-editor.default\">\n\t\t\t\t<div class=\"elementor-widget-container\">\n\t\t\t\t\t\t\t\t\t<p><strong>JLSPORT.DE GmbH<\/strong><\/p><p>Gebhardstr.7<br \/>D-88046 Friedrichshafen<br \/>DEUTSCHLAND<\/p><p>Handelsregister Ulm: HRB 724279<br \/>Umsatzsteuer-Identifikationsnummer: DE267554705<br \/>Gesch\u00e4ftsf\u00fchrer: Michael Bauner<\/p><p>Web: <a href=\"https:\/\/ruderschuhe.com\/de\/\">https:\/\/ruderschuhe.com\/<\/a><\/p><p>E-Mail:\u00a0<a href=\"mailto:ku***********@*****rt.de\" data-original-string=\"PSUtNMJH37Fuaj6Xn6VvPg==38fdMV\/LDTo13OdRQbfsACY1r7NG29CJId6JUqlhMB05K8=\" title=\"Dieser Kontakt wurde von Anti-Spam by CleanTalk verschl\u00fcsselt. Klicken Sie hier, um ihn zu entschl\u00fcsseln. Um die Entschl\u00fcsselung abzuschlie\u00dfen, stellen Sie sicher, dass JavaScript in Ihrem Browser aktiviert ist.\"><span \n                data-original-string='BLQCUMml2kL9G0\/ehenauQ==38f6Tzw7ViRUpCx+JdtqrluuoXV0WmNLWosaiwI5UGSlM0='\n                class='apbct-email-encoder'\n                title='Dieser Kontakt wurde von Anti-Spam by CleanTalk verschl\u00fcsselt. Klicken Sie hier, um ihn zu entschl\u00fcsseln. Um die Entschl\u00fcsselung abzuschlie\u00dfen, stellen Sie sicher, dass JavaScript in Ihrem Browser aktiviert ist.'>ku<span class=\"apbct-blur\">***********<\/span>@<span class=\"apbct-blur\">*****<\/span>rt.de<\/span><\/a><\/p><p>Phone: +49 (0)1590188847<\/p><p>Fax: +49 (0)7541 978 2627 9<\/p>\t\t\t\t\t\t\t\t<\/div>\n\t\t\t\t<\/div>\n\t\t\t\t\t<\/div>\n\t\t<\/div>\n\t\t\t\t\t<\/div>\n\t\t<\/section>\n\t\t\t\t<\/div>","protected":false},"excerpt":{"rendered":"<p>IMPRINT JLSPORT.DE GmbH Gebhardstr.7D-88046 FriedrichshafenGERMANY Commercial register Ulm: HRB 724279VAT ID No: DE267554705Managing Director: Michael Bauner Web: https:\/\/ruderschuhe.com\/ E-Mail:\u00a0ku***********@*****rt.de Phone: +49 (0)1590188847 Fax: +49 (0)7541 978 2627 9<\/p>","protected":false},"author":2,"featured_media":0,"parent":0,"menu_order":0,"comment_status":"closed","ping_status":"closed","template":"","meta":{"om_disable_all_campaigns":false,"site-sidebar-layout":"no-sidebar","site-content-layout":"page-builder","ast-site-content-layout":"full-width-container","site-content-style":"unboxed","site-sidebar-style":"unboxed","ast-global-header-display":"","ast-banner-title-visibility":"","ast-main-header-display":"","ast-hfb-above-header-display":"","ast-hfb-below-header-display":"","ast-hfb-mobile-header-display":"","site-post-title":"disabled","ast-breadcrumbs-content":"","ast-featured-img":"disabled","footer-sml-layout":"","theme-transparent-header-meta":"","adv-header-id-meta":"","stick-header-meta":"","header-above-stick-meta":"","header-main-stick-meta":"","header-below-stick-meta":"","astra-migrate-meta-layouts":"set","ast-page-background-enabled":"default","ast-page-background-meta":{"desktop":{"background-color":"var(--ast-global-color-4)","background-image":"","background-repeat":"repeat","background-position":"center center","background-size":"auto","background-attachment":"scroll","background-type":"","background-media":"","overlay-type":"","overlay-color":"","overlay-opacity":"","overlay-gradient":""},"tablet":{"background-color":"","background-image":"","background-repeat":"repeat","background-position":"center center","background-size":"auto","background-attachment":"scroll","background-type":"","background-media":"","overlay-type":"","overlay-color":"","overlay-opacity":"","overlay-gradient":""},"mobile":{"background-color":"","background-image":"","background-repeat":"repeat","background-position":"center center","background-size":"auto","background-attachment":"scroll","background-type":"","background-media":"","overlay-type":"","overlay-color":"","overlay-opacity":"","overlay-gradient":""}},"ast-content-background-meta":{"desktop":{"background-color":"var(--ast-global-color-5)","background-image":"","background-repeat":"repeat","background-position":"center center","background-size":"auto","background-attachment":"scroll","background-type":"","background-media":"","overlay-type":"","overlay-color":"","overlay-opacity":"","overlay-gradient":""},"tablet":{"background-color":"var(--ast-global-color-5)","background-image":"","background-repeat":"repeat","background-position":"center center","background-size":"auto","background-attachment":"scroll","background-type":"","background-media":"","overlay-type":"","overlay-color":"","overlay-opacity":"","overlay-gradient":""},"mobile":{"background-color":"var(--ast-global-color-5)","background-image":"","background-repeat":"repeat","background-position":"center center","background-size":"auto","background-attachment":"scroll","background-type":"","background-media":"","overlay-type":"","overlay-color":"","overlay-opacity":"","overlay-gradient":""}},"footnotes":""},"class_list":["post-997","page","type-page","status-publish","hentry"],"aioseo_notices":[],"_links":{"self":[{"href":"https:\/\/ruderschuhe.com\/de\/wp-json\/wp\/v2\/pages\/997","targetHints":{"allow":["GET"]}}],"collection":[{"href":"https:\/\/ruderschuhe.com\/de\/wp-json\/wp\/v2\/pages"}],"about":[{"href":"https:\/\/ruderschuhe.com\/de\/wp-json\/wp\/v2\/types\/page"}],"author":[{"embeddable":true,"href":"https:\/\/ruderschuhe.com\/de\/wp-json\/wp\/v2\/users\/2"}],"replies":[{"embeddable":true,"href":"https:\/\/ruderschuhe.com\/de\/wp-json\/wp\/v2\/comments?post=997"}],"version-history":[{"count":7,"href":"https:\/\/ruderschuhe.com\/de\/wp-json\/wp\/v2\/pages\/997\/revisions"}],"predecessor-version":[{"id":5870,"href":"https:\/\/ruderschuhe.com\/de\/wp-json\/wp\/v2\/pages\/997\/revisions\/5870"}],"wp:attachment":[{"href":"https:\/\/ruderschuhe.com\/de\/wp-json\/wp\/v2\/media?parent=997"}],"curies":[{"name":"wp","href":"https:\/\/api.w.org\/{rel}","templated":true}]}}