{"id":105,"date":"2023-03-01T14:37:39","date_gmt":"2023-03-01T14:37:39","guid":{"rendered":"https:\/\/ruderschuhe.com\/?page_id=105"},"modified":"2025-04-15T11:34:53","modified_gmt":"2025-04-15T11:34:53","slug":"blog","status":"publish","type":"page","link":"https:\/\/ruderschuhe.com\/fr\/blog\/","title":{"rendered":"Our Journal | Innovation &#038; Stories from the World of Rowing"},"content":{"rendered":"<div data-elementor-type=\"wp-page\" data-elementor-id=\"105\" class=\"elementor elementor-105\" data-elementor-post-type=\"page\">\n\t\t\t\t\t\t<section class=\"elementor-section elementor-top-section elementor-element elementor-element-a6632b1 elementor-section-boxed elementor-section-height-default elementor-section-height-default\" data-id=\"a6632b1\" data-element_type=\"section\" data-settings=\"{&quot;background_background&quot;:&quot;classic&quot;}\">\n\t\t\t\t\t\t<div class=\"elementor-container elementor-column-gap-default\">\n\t\t\t\t\t<div class=\"elementor-column elementor-col-100 elementor-top-column elementor-element elementor-element-5995d50\" data-id=\"5995d50\" data-element_type=\"column\">\n\t\t\t<div class=\"elementor-widget-wrap elementor-element-populated\">\n\t\t\t\t\t\t<div class=\"elementor-element elementor-element-6caf316 elementor-widget elementor-widget-heading\" data-id=\"6caf316\" data-element_type=\"widget\" data-widget_type=\"heading.default\">\n\t\t\t\t<div class=\"elementor-widget-container\">\n\t\t\t\t\t<h1 class=\"elementor-heading-title elementor-size-default\">BLOG<\/h1>\t\t\t\t<\/div>\n\t\t\t\t<\/div>\n\t\t\t\t\t<\/div>\n\t\t<\/div>\n\t\t\t\t\t<\/div>\n\t\t<\/section>\n\t\t\t\t<section class=\"elementor-section elementor-top-section elementor-element elementor-element-6d18234 elementor-section-boxed elementor-section-height-default elementor-section-height-default\" data-id=\"6d18234\" data-element_type=\"section\">\n\t\t\t\t\t\t<div class=\"elementor-container elementor-column-gap-default\">\n\t\t\t\t\t<div class=\"elementor-column elementor-col-100 elementor-top-column elementor-element elementor-element-2573bfe\" data-id=\"2573bfe\" data-element_type=\"column\">\n\t\t\t<div class=\"elementor-widget-wrap elementor-element-populated\">\n\t\t\t\t\t\t<div class=\"elementor-element elementor-element-6652788 elementor-grid-3 elementor-grid-tablet-2 elementor-grid-mobile-1 elementor-posts--thumbnail-top elementor-card-shadow-yes elementor-posts__hover-gradient elementor-widget elementor-widget-posts\" data-id=\"6652788\" data-element_type=\"widget\" data-settings=\"{&quot;cards_columns&quot;:&quot;3&quot;,&quot;cards_columns_tablet&quot;:&quot;2&quot;,&quot;cards_columns_mobile&quot;:&quot;1&quot;,&quot;cards_row_gap&quot;:{&quot;unit&quot;:&quot;px&quot;,&quot;size&quot;:35,&quot;sizes&quot;:[]},&quot;cards_row_gap_widescreen&quot;:{&quot;unit&quot;:&quot;px&quot;,&quot;size&quot;:&quot;&quot;,&quot;sizes&quot;:[]},&quot;cards_row_gap_laptop&quot;:{&quot;unit&quot;:&quot;px&quot;,&quot;size&quot;:&quot;&quot;,&quot;sizes&quot;:[]},&quot;cards_row_gap_tablet_extra&quot;:{&quot;unit&quot;:&quot;px&quot;,&quot;size&quot;:&quot;&quot;,&quot;sizes&quot;:[]},&quot;cards_row_gap_tablet&quot;:{&quot;unit&quot;:&quot;px&quot;,&quot;size&quot;:&quot;&quot;,&quot;sizes&quot;:[]},&quot;cards_row_gap_mobile_extra&quot;:{&quot;unit&quot;:&quot;px&quot;,&quot;size&quot;:&quot;&quot;,&quot;sizes&quot;:[]},&quot;cards_row_gap_mobile&quot;:{&quot;unit&quot;:&quot;px&quot;,&quot;size&quot;:&quot;&quot;,&quot;sizes&quot;:[]}}\" data-widget_type=\"posts.cards\">\n\t\t\t\t<div class=\"elementor-widget-container\">\n\t\t\t\t\t\t\t<div class=\"elementor-posts-container elementor-posts elementor-posts--skin-cards elementor-grid\" role=\"list\">\n\t\t\t\t<article class=\"elementor-post elementor-grid-item post-2751 post type-post status-publish format-standard has-post-thumbnail hentry category-engineering\" role=\"listitem\">\n\t\t\t<div class=\"elementor-post__card\">\n\t\t\t\t<a class=\"elementor-post__thumbnail__link\" href=\"https:\/\/ruderschuhe.com\/fr\/post-5\/\" tabindex=\"-1\" ><div class=\"elementor-post__thumbnail\"><img decoding=\"async\" width=\"300\" height=\"135\" src=\"https:\/\/ruderschuhe.com\/wp-content\/uploads\/2023\/07\/ruderschuh-energy-respond-effect-darstellung-300x135.jpg\" class=\"attachment-medium size-medium wp-image-2872\" alt=\"ruderschuh-energy-respond-effect-darstellung\" srcset=\"https:\/\/ruderschuhe.com\/wp-content\/uploads\/2023\/07\/ruderschuh-energy-respond-effect-darstellung-300x135.jpg 300w, https:\/\/ruderschuhe.com\/wp-content\/uploads\/2023\/07\/ruderschuh-energy-respond-effect-darstellung-1024x460.jpg 1024w, https:\/\/ruderschuhe.com\/wp-content\/uploads\/2023\/07\/ruderschuh-energy-respond-effect-darstellung-768x345.jpg 768w, https:\/\/ruderschuhe.com\/wp-content\/uploads\/2023\/07\/ruderschuh-energy-respond-effect-darstellung-1536x690.jpg 1536w, https:\/\/ruderschuhe.com\/wp-content\/uploads\/2023\/07\/ruderschuh-energy-respond-effect-darstellung-600x270.jpg 600w, https:\/\/ruderschuhe.com\/wp-content\/uploads\/2023\/07\/ruderschuh-energy-respond-effect-darstellung.jpg 1980w\" sizes=\"(max-width: 300px) 100vw, 300px\" \/><\/div><\/a>\n\t\t\t\t<div class=\"elementor-post__badge\">Ing\u00e9nierie<\/div>\n\t\t\t\t<div class=\"elementor-post__text\">\n\t\t\t\t<h3 class=\"elementor-post__title\">\n\t\t\t<a href=\"https:\/\/ruderschuhe.com\/fr\/post-5\/\" >\n\t\t\t\tEffet de r\u00e9ponse \u00e9nerg\u00e9tique ou Energy Response Effect des Chaussures de course Thomas Lange Gold\t\t\t<\/a>\n\t\t<\/h3>\n\t\t\t\t<div class=\"elementor-post__excerpt\">\n\t\t\t<p>Effet de r\u00e9ponse \u00e9nerg\u00e9tique des chaussures d'aviron. L'effet de r\u00e9ponse \u00e9nerg\u00e9tique joue \u00e9galement un r\u00f4le important dans le d\u00e9veloppement et la conception des chaussures d'aviron. Ces chaussures sp\u00e9cialement con\u00e7ues sont destin\u00e9es \u00e0 optimiser la transmission de la puissance et les performances des rameurs. Les chaussures d'aviron exploitent l'effet de r\u00e9ponse \u00e9nerg\u00e9tique en int\u00e9grant des mat\u00e9riaux et des technologies qui permettent :<\/p>\n\t\t<\/div>\n\t\t\n\t\t<a class=\"elementor-post__read-more\" href=\"https:\/\/ruderschuhe.com\/fr\/post-5\/\" aria-label=\"En savoir plus sur Energy Response Effect Rowing Shoes Thomas Lange Gold\" tabindex=\"-1\" >\n\t\t\tLire la suite \u00bb\t\t<\/a>\n\n\t\t\t\t<\/div>\n\t\t\t\t<div class=\"elementor-post__meta-data\">\n\t\t\t\t\t<span class=\"elementor-post-date\">\n\t\t\tjuillet 31, 2023\t\t<\/span>\n\t\t\t\t<span class=\"elementor-post-avatar\">\n\t\t\tAucun commentaire\t\t<\/span>\n\t\t\t\t<\/div>\n\t\t\t\t\t<\/div>\n\t\t<\/article>\n\t\t\t\t<article class=\"elementor-post elementor-grid-item post-2749 post type-post status-publish format-standard has-post-thumbnail hentry category-engineering\" role=\"listitem\">\n\t\t\t<div class=\"elementor-post__card\">\n\t\t\t\t<a class=\"elementor-post__thumbnail__link\" href=\"https:\/\/ruderschuhe.com\/fr\/post-4\/\" tabindex=\"-1\" ><div class=\"elementor-post__thumbnail\"><img decoding=\"async\" width=\"300\" height=\"135\" src=\"https:\/\/ruderschuhe.com\/wp-content\/uploads\/2023\/07\/ruderschuhe-sketch-detailansicht-klettverschluss-300x135.jpg\" class=\"attachment-medium size-medium wp-image-2863\" alt=\"ruderschuhe-sketch-detailansicht-klettverschluss\" srcset=\"https:\/\/ruderschuhe.com\/wp-content\/uploads\/2023\/07\/ruderschuhe-sketch-detailansicht-klettverschluss-300x135.jpg 300w, https:\/\/ruderschuhe.com\/wp-content\/uploads\/2023\/07\/ruderschuhe-sketch-detailansicht-klettverschluss-1024x460.jpg 1024w, https:\/\/ruderschuhe.com\/wp-content\/uploads\/2023\/07\/ruderschuhe-sketch-detailansicht-klettverschluss-768x345.jpg 768w, https:\/\/ruderschuhe.com\/wp-content\/uploads\/2023\/07\/ruderschuhe-sketch-detailansicht-klettverschluss-600x270.jpg 600w, https:\/\/ruderschuhe.com\/wp-content\/uploads\/2023\/07\/ruderschuhe-sketch-detailansicht-klettverschluss.jpg 1200w\" sizes=\"(max-width: 300px) 100vw, 300px\" \/><\/div><\/a>\n\t\t\t\t<div class=\"elementor-post__badge\">Ing\u00e9nierie<\/div>\n\t\t\t\t<div class=\"elementor-post__text\">\n\t\t\t\t<h3 class=\"elementor-post__title\">\n\t\t\t<a href=\"https:\/\/ruderschuhe.com\/fr\/post-4\/\" >\n\t\t\t\tFermeture velcro solide, r\u00e9sistante et facile \u00e0 ouvrir\t\t\t<\/a>\n\t\t<\/h3>\n\t\t\t\t<div class=\"elementor-post__excerpt\">\n\t\t\t<p>Fermeture velcro r\u00e9sistante R\u00e9sistante et pourtant facile \u00e0 ouvrir Les avantages pour les chaussures d'aviron Lors du choix de chaussures d'aviron, le confort et la performance sont importants, mais la fonctionnalit\u00e9 et la praticit\u00e9 des m\u00e9canismes de fermeture le sont tout autant. Une fermeture velcro r\u00e9sistante est une option tr\u00e8s appr\u00e9ci\u00e9e qui offre de nombreux avantages. Dans<\/p>\n\t\t<\/div>\n\t\t\n\t\t<a class=\"elementor-post__read-more\" href=\"https:\/\/ruderschuhe.com\/fr\/post-4\/\" aria-label=\"En savoir plus sur Energy Response Effect Rowing Shoes Thomas Lange Gold\" tabindex=\"-1\" >\n\t\t\tLire la suite \u00bb\t\t<\/a>\n\n\t\t\t\t<\/div>\n\t\t\t\t<div class=\"elementor-post__meta-data\">\n\t\t\t\t\t<span class=\"elementor-post-date\">\n\t\t\tjuillet 31, 2023\t\t<\/span>\n\t\t\t\t<span class=\"elementor-post-avatar\">\n\t\t\tAucun commentaire\t\t<\/span>\n\t\t\t\t<\/div>\n\t\t\t\t\t<\/div>\n\t\t<\/article>\n\t\t\t\t<article class=\"elementor-post elementor-grid-item post-94 post type-post status-publish format-standard has-post-thumbnail hentry category-engineering category-rowing-insights\" role=\"listitem\">\n\t\t\t<div class=\"elementor-post__card\">\n\t\t\t\t<a class=\"elementor-post__thumbnail__link\" href=\"https:\/\/ruderschuhe.com\/fr\/post-2\/\" tabindex=\"-1\" ><div class=\"elementor-post__thumbnail\"><img decoding=\"async\" width=\"300\" height=\"135\" src=\"https:\/\/ruderschuhe.com\/wp-content\/uploads\/2023\/03\/plannungsbuero-konzeptarbeiten-am-ruderschuhe-300x135.jpg\" class=\"attachment-medium size-medium wp-image-2855\" alt=\"plannungsbuero-konzeptarbeiten-am-ruderschuhe\" srcset=\"https:\/\/ruderschuhe.com\/wp-content\/uploads\/2023\/03\/plannungsbuero-konzeptarbeiten-am-ruderschuhe-300x135.jpg 300w, https:\/\/ruderschuhe.com\/wp-content\/uploads\/2023\/03\/plannungsbuero-konzeptarbeiten-am-ruderschuhe-1024x460.jpg 1024w, https:\/\/ruderschuhe.com\/wp-content\/uploads\/2023\/03\/plannungsbuero-konzeptarbeiten-am-ruderschuhe-768x345.jpg 768w, https:\/\/ruderschuhe.com\/wp-content\/uploads\/2023\/03\/plannungsbuero-konzeptarbeiten-am-ruderschuhe-600x270.jpg 600w, https:\/\/ruderschuhe.com\/wp-content\/uploads\/2023\/03\/plannungsbuero-konzeptarbeiten-am-ruderschuhe.jpg 1200w\" sizes=\"(max-width: 300px) 100vw, 300px\" \/><\/div><\/a>\n\t\t\t\t<div class=\"elementor-post__badge\">Ing\u00e9nierie<\/div>\n\t\t\t\t<div class=\"elementor-post__text\">\n\t\t\t\t<h3 class=\"elementor-post__title\">\n\t\t\t<a href=\"https:\/\/ruderschuhe.com\/fr\/post-2\/\" >\n\t\t\t\tLa s\u00e9curit\u00e9 dans un bateau \u00e0 rames commence par les sabots\t\t\t<\/a>\n\t\t<\/h3>\n\t\t\t\t<div class=\"elementor-post__excerpt\">\n\t\t\t<p>S\u00e9curit\u00e9 des chaussures d'aviron Prot\u00e9gez vos pieds et optimisez vos performances L'aviron n'est pas seulement un sport fascinant et exigeant, il n\u00e9cessite \u00e9galement un haut niveau de s\u00e9curit\u00e9. Alors que l'attention se porte souvent sur d'autres aspects de la s\u00e9curit\u00e9 tels que les gilets de sauvetage et la stabilit\u00e9 du bateau, il est \u00e9galement important de<\/p>\n\t\t<\/div>\n\t\t\n\t\t<a class=\"elementor-post__read-more\" href=\"https:\/\/ruderschuhe.com\/fr\/post-2\/\" aria-label=\"En savoir plus sur Energy Response Effect Rowing Shoes Thomas Lange Gold\" tabindex=\"-1\" >\n\t\t\tLire la suite \u00bb\t\t<\/a>\n\n\t\t\t\t<\/div>\n\t\t\t\t<div class=\"elementor-post__meta-data\">\n\t\t\t\t\t<span class=\"elementor-post-date\">\n\t\t\tmars 1, 2023\t\t<\/span>\n\t\t\t\t<span class=\"elementor-post-avatar\">\n\t\t\tAucun commentaire\t\t<\/span>\n\t\t\t\t<\/div>\n\t\t\t\t\t<\/div>\n\t\t<\/article>\n\t\t\t\t<article class=\"elementor-post elementor-grid-item post-92 post type-post status-publish format-standard has-post-thumbnail hentry category-rowing-insights\" role=\"listitem\">\n\t\t\t<div class=\"elementor-post__card\">\n\t\t\t\t<a class=\"elementor-post__thumbnail__link\" href=\"https:\/\/ruderschuhe.com\/fr\/post-1\/\" tabindex=\"-1\" ><div class=\"elementor-post__thumbnail\"><img loading=\"lazy\" decoding=\"async\" width=\"300\" height=\"134\" src=\"https:\/\/ruderschuhe.com\/wp-content\/uploads\/2023\/03\/ruderboot-mit-ruderer-auf-dem-wasser-nahaufnahme-300x134.jpg\" class=\"attachment-medium size-medium wp-image-2849\" alt=\"ruderboot-mit-ruderer-auf-dem-wasser-nahaufnahme\" srcset=\"https:\/\/ruderschuhe.com\/wp-content\/uploads\/2023\/03\/ruderboot-mit-ruderer-auf-dem-wasser-nahaufnahme-300x134.jpg 300w, https:\/\/ruderschuhe.com\/wp-content\/uploads\/2023\/03\/ruderboot-mit-ruderer-auf-dem-wasser-nahaufnahme-1024x458.jpg 1024w, https:\/\/ruderschuhe.com\/wp-content\/uploads\/2023\/03\/ruderboot-mit-ruderer-auf-dem-wasser-nahaufnahme-768x344.jpg 768w, https:\/\/ruderschuhe.com\/wp-content\/uploads\/2023\/03\/ruderboot-mit-ruderer-auf-dem-wasser-nahaufnahme-600x269.jpg 600w, https:\/\/ruderschuhe.com\/wp-content\/uploads\/2023\/03\/ruderboot-mit-ruderer-auf-dem-wasser-nahaufnahme.jpg 1200w\" sizes=\"(max-width: 300px) 100vw, 300px\" \/><\/div><\/a>\n\t\t\t\t<div class=\"elementor-post__badge\">Aper\u00e7u du sport de l'aviron<\/div>\n\t\t\t\t<div class=\"elementor-post__text\">\n\t\t\t\t<h3 class=\"elementor-post__title\">\n\t\t\t<a href=\"https:\/\/ruderschuhe.com\/fr\/post-1\/\" >\n\t\t\t\tLa force sous-estim\u00e9e des chaussures d'aviron dans le sport de haut niveau\t\t\t<\/a>\n\t\t<\/h3>\n\t\t\t\t<div class=\"elementor-post__excerpt\">\n\t\t\t<p>Le r\u00f4le cl\u00e9 des sabots d'aviron Une transmission maximale de la puissance pour ramer rapidement L'aviron est un sport exigeant qui n\u00e9cessite une transmission efficace de la puissance afin de propulser le bateau \u00e0 la vitesse maximale. Les sabots d'aviron constituent un \u00e9l\u00e9ment important qui est souvent n\u00e9glig\u00e9. Dans cet article de blog, nous allons examiner de plus pr\u00e8s<\/p>\n\t\t<\/div>\n\t\t\n\t\t<a class=\"elementor-post__read-more\" href=\"https:\/\/ruderschuhe.com\/fr\/post-1\/\" aria-label=\"En savoir plus sur Energy Response Effect Rowing Shoes Thomas Lange Gold\" tabindex=\"-1\" >\n\t\t\tLire la suite \u00bb\t\t<\/a>\n\n\t\t\t\t<\/div>\n\t\t\t\t<div class=\"elementor-post__meta-data\">\n\t\t\t\t\t<span class=\"elementor-post-date\">\n\t\t\tmars 1, 2023\t\t<\/span>\n\t\t\t\t<span class=\"elementor-post-avatar\">\n\t\t\tAucun commentaire\t\t<\/span>\n\t\t\t\t<\/div>\n\t\t\t\t\t<\/div>\n\t\t<\/article>\n\t\t\t\t<article class=\"elementor-post elementor-grid-item post-1 post type-post status-publish format-standard has-post-thumbnail hentry category-engineering category-rowing-insights\" role=\"listitem\">\n\t\t\t<div class=\"elementor-post__card\">\n\t\t\t\t<a class=\"elementor-post__thumbnail__link\" href=\"https:\/\/ruderschuhe.com\/fr\/post\/\" tabindex=\"-1\" ><div class=\"elementor-post__thumbnail\"><img loading=\"lazy\" decoding=\"async\" width=\"300\" height=\"135\" src=\"https:\/\/ruderschuhe.com\/wp-content\/uploads\/2023\/02\/ruderschuhe-detailansicht-von-oben-300x135.jpg\" class=\"attachment-medium size-medium wp-image-2843\" alt=\"ruderschuhe-detailansicht-von-oben\" srcset=\"https:\/\/ruderschuhe.com\/wp-content\/uploads\/2023\/02\/ruderschuhe-detailansicht-von-oben-300x135.jpg 300w, https:\/\/ruderschuhe.com\/wp-content\/uploads\/2023\/02\/ruderschuhe-detailansicht-von-oben-1024x460.jpg 1024w, https:\/\/ruderschuhe.com\/wp-content\/uploads\/2023\/02\/ruderschuhe-detailansicht-von-oben-768x345.jpg 768w, https:\/\/ruderschuhe.com\/wp-content\/uploads\/2023\/02\/ruderschuhe-detailansicht-von-oben-1536x690.jpg 1536w, https:\/\/ruderschuhe.com\/wp-content\/uploads\/2023\/02\/ruderschuhe-detailansicht-von-oben-600x270.jpg 600w, https:\/\/ruderschuhe.com\/wp-content\/uploads\/2023\/02\/ruderschuhe-detailansicht-von-oben.jpg 1980w\" sizes=\"(max-width: 300px) 100vw, 300px\" \/><\/div><\/a>\n\t\t\t\t<div class=\"elementor-post__badge\">Ing\u00e9nierie<\/div>\n\t\t\t\t<div class=\"elementor-post__text\">\n\t\t\t\t<h3 class=\"elementor-post__title\">\n\t\t\t<a href=\"https:\/\/ruderschuhe.com\/fr\/post\/\" >\n\t\t\t\tPourquoi l'avant-pied est-il si important dans une bonne chaussure d'aviron ?\t\t\t<\/a>\n\t\t<\/h3>\n\t\t\t\t<div class=\"elementor-post__excerpt\">\n\t\t\t<p>Les avantages de la conception de l'avant-pied d'un chausson d'aviron En aviron, le contr\u00f4le pr\u00e9cis du bateau joue un r\u00f4le d\u00e9cisif pour un mouvement efficace et puissant. La conception de l'avant-pied d'un chausson d'aviron est un \u00e9l\u00e9ment souvent n\u00e9glig\u00e9, mais qui joue pourtant un r\u00f4le important.<\/p>\n\t\t<\/div>\n\t\t\n\t\t<a class=\"elementor-post__read-more\" href=\"https:\/\/ruderschuhe.com\/fr\/post\/\" aria-label=\"En savoir plus sur Energy Response Effect Rowing Shoes Thomas Lange Gold\" tabindex=\"-1\" >\n\t\t\tLire la suite \u00bb\t\t<\/a>\n\n\t\t\t\t<\/div>\n\t\t\t\t<div class=\"elementor-post__meta-data\">\n\t\t\t\t\t<span class=\"elementor-post-date\">\n\t\t\tf\u00e9vrier 21, 2023\t\t<\/span>\n\t\t\t\t<span class=\"elementor-post-avatar\">\n\t\t\tAucun commentaire\t\t<\/span>\n\t\t\t\t<\/div>\n\t\t\t\t\t<\/div>\n\t\t<\/article>\n\t\t\t\t<\/div>\n\t\t\n\t\t\t\t\t\t<\/div>\n\t\t\t\t<\/div>\n\t\t\t\t\t<\/div>\n\t\t<\/div>\n\t\t\t\t\t<\/div>\n\t\t<\/section>\n\t\t\t\t<\/div>","protected":false},"excerpt":{"rendered":"<p>BLOG Energy Respond Effect Ruderschuhe Michael M\u00fcnchJuly 31, 2023 Energy Respond Effect Ruderschuhe Der Energy Respond Effect spielt auch eine wichtige Rolle bei der Entwicklung und dem Design von Ruderschuhen. Diese speziell entwickelten Schuhe sind darauf ausgelegt, die Kraft\u00fcbertragung&#8230; weiterlesen \u279c Starker Klettverschluss, belastbar aber dennoch leicht zu \u00f6ffnen Michael M\u00fcnchJuly 31, 2023 Starker Klettverschluss [&hellip;]<\/p>","protected":false},"author":2,"featured_media":0,"parent":0,"menu_order":0,"comment_status":"closed","ping_status":"closed","template":"","meta":{"om_disable_all_campaigns":false,"site-sidebar-layout":"no-sidebar","site-content-layout":"page-builder","ast-site-content-layout":"full-width-container","site-content-style":"unboxed","site-sidebar-style":"unboxed","ast-global-header-display":"","ast-banner-title-visibility":"","ast-main-header-display":"","ast-hfb-above-header-display":"","ast-hfb-below-header-display":"","ast-hfb-mobile-header-display":"","site-post-title":"disabled","ast-breadcrumbs-content":"","ast-featured-img":"disabled","footer-sml-layout":"","theme-transparent-header-meta":"","adv-header-id-meta":"","stick-header-meta":"","header-above-stick-meta":"","header-main-stick-meta":"","header-below-stick-meta":"","astra-migrate-meta-layouts":"set","ast-page-background-enabled":"default","ast-page-background-meta":{"desktop":{"background-color":"var(--ast-global-color-4)","background-image":"","background-repeat":"repeat","background-position":"center center","background-size":"auto","background-attachment":"scroll","background-type":"","background-media":"","overlay-type":"","overlay-color":"","overlay-opacity":"","overlay-gradient":""},"tablet":{"background-color":"","background-image":"","background-repeat":"repeat","background-position":"center center","background-size":"auto","background-attachment":"scroll","background-type":"","background-media":"","overlay-type":"","overlay-color":"","overlay-opacity":"","overlay-gradient":""},"mobile":{"background-color":"","background-image":"","background-repeat":"repeat","background-position":"center center","background-size":"auto","background-attachment":"scroll","background-type":"","background-media":"","overlay-type":"","overlay-color":"","overlay-opacity":"","overlay-gradient":""}},"ast-content-background-meta":{"desktop":{"background-color":"var(--ast-global-color-5)","background-image":"","background-repeat":"repeat","background-position":"center center","background-size":"auto","background-attachment":"scroll","background-type":"","background-media":"","overlay-type":"","overlay-color":"","overlay-opacity":"","overlay-gradient":""},"tablet":{"background-color":"var(--ast-global-color-5)","background-image":"","background-repeat":"repeat","background-position":"center center","background-size":"auto","background-attachment":"scroll","background-type":"","background-media":"","overlay-type":"","overlay-color":"","overlay-opacity":"","overlay-gradient":""},"mobile":{"background-color":"var(--ast-global-color-5)","background-image":"","background-repeat":"repeat","background-position":"center center","background-size":"auto","background-attachment":"scroll","background-type":"","background-media":"","overlay-type":"","overlay-color":"","overlay-opacity":"","overlay-gradient":""}},"footnotes":""},"class_list":["post-105","page","type-page","status-publish","hentry"],"aioseo_notices":[],"_links":{"self":[{"href":"https:\/\/ruderschuhe.com\/fr\/wp-json\/wp\/v2\/pages\/105","targetHints":{"allow":["GET"]}}],"collection":[{"href":"https:\/\/ruderschuhe.com\/fr\/wp-json\/wp\/v2\/pages"}],"about":[{"href":"https:\/\/ruderschuhe.com\/fr\/wp-json\/wp\/v2\/types\/page"}],"author":[{"embeddable":true,"href":"https:\/\/ruderschuhe.com\/fr\/wp-json\/wp\/v2\/users\/2"}],"replies":[{"embeddable":true,"href":"https:\/\/ruderschuhe.com\/fr\/wp-json\/wp\/v2\/comments?post=105"}],"version-history":[{"count":5,"href":"https:\/\/ruderschuhe.com\/fr\/wp-json\/wp\/v2\/pages\/105\/revisions"}],"predecessor-version":[{"id":5156,"href":"https:\/\/ruderschuhe.com\/fr\/wp-json\/wp\/v2\/pages\/105\/revisions\/5156"}],"wp:attachment":[{"href":"https:\/\/ruderschuhe.com\/fr\/wp-json\/wp\/v2\/media?parent=105"}],"curies":[{"name":"wp","href":"https:\/\/api.w.org\/{rel}","templated":true}]}}