{"id":198,"date":"2023-03-13T14:20:18","date_gmt":"2023-03-13T14:20:18","guid":{"rendered":"https:\/\/ruderschuhe.com\/?page_id=198"},"modified":"2025-04-15T08:46:35","modified_gmt":"2025-04-15T08:46:35","slug":"story","status":"publish","type":"page","link":"https:\/\/ruderschuhe.com\/fr\/story\/","title":{"rendered":"Crafted with Legends in Mind | Our Thomas Lange Partnership"},"content":{"rendered":"<div data-elementor-type=\"wp-page\" data-elementor-id=\"198\" class=\"elementor elementor-198\" data-elementor-post-type=\"page\">\n\t\t\t\t\t\t<section class=\"elementor-section elementor-top-section elementor-element elementor-element-f52ff80 elementor-section-boxed elementor-section-height-default elementor-section-height-default\" data-id=\"f52ff80\" data-element_type=\"section\" data-settings=\"{&quot;background_background&quot;:&quot;classic&quot;}\">\n\t\t\t\t\t\t<div class=\"elementor-container elementor-column-gap-default\">\n\t\t\t\t\t<div class=\"elementor-column elementor-col-100 elementor-top-column elementor-element elementor-element-8cc47c6\" data-id=\"8cc47c6\" data-element_type=\"column\">\n\t\t\t<div class=\"elementor-widget-wrap elementor-element-populated\">\n\t\t\t\t\t\t<div class=\"elementor-element elementor-element-3042088 elementor-widget elementor-widget-heading\" data-id=\"3042088\" data-element_type=\"widget\" data-widget_type=\"heading.default\">\n\t\t\t\t<div class=\"elementor-widget-container\">\n\t\t\t\t\t<h1 class=\"elementor-heading-title elementor-size-default\">Le d\u00e9veloppement de nos chaussures d'aviron de rame professionnelles<\/h1>\t\t\t\t<\/div>\n\t\t\t\t<\/div>\n\t\t\t\t<div class=\"elementor-element elementor-element-bf8173b elementor-widget__width-inherit elementor-widget elementor-widget-text-editor\" data-id=\"bf8173b\" data-element_type=\"widget\" data-widget_type=\"text-editor.default\">\n\t\t\t\t<div class=\"elementor-widget-container\">\n\t\t\t\t\t\t\t\t\t<p>D\u00e9couvrez l'histoire qui se cache derri\u00e8re notre projet qui nous tient tant \u00e0 c\u0153ur : comment la vision de cr\u00e9er la chaussure d'aviron ultime a donn\u00e9 naissance \u00e0 un partenariat r\u00e9volutionnaire avec le champion olympique Thomas Lange.<\/p>\t\t\t\t\t\t\t\t<\/div>\n\t\t\t\t<\/div>\n\t\t\t\t\t<\/div>\n\t\t<\/div>\n\t\t\t\t\t<\/div>\n\t\t<\/section>\n\t\t\t\t<section class=\"elementor-section elementor-top-section elementor-element elementor-element-4df5390 elementor-section-boxed elementor-section-height-default elementor-section-height-default\" data-id=\"4df5390\" data-element_type=\"section\">\n\t\t\t\t\t\t<div class=\"elementor-container elementor-column-gap-default\">\n\t\t\t\t\t<div class=\"elementor-column elementor-col-100 elementor-top-column elementor-element elementor-element-49ac900\" data-id=\"49ac900\" data-element_type=\"column\">\n\t\t\t<div class=\"elementor-widget-wrap elementor-element-populated\">\n\t\t\t\t\t\t<section class=\"elementor-section elementor-inner-section elementor-element elementor-element-e0ecc64 elementor-section-full_width elementor-section-height-default elementor-section-height-default\" data-id=\"e0ecc64\" data-element_type=\"section\">\n\t\t\t\t\t\t<div class=\"elementor-container elementor-column-gap-default\">\n\t\t\t\t\t<div class=\"elementor-column elementor-col-50 elementor-inner-column elementor-element elementor-element-d2af7b3\" data-id=\"d2af7b3\" data-element_type=\"column\">\n\t\t\t<div class=\"elementor-widget-wrap elementor-element-populated\">\n\t\t\t\t\t\t<div class=\"elementor-element elementor-element-477f3af elementor-widget elementor-widget-image\" data-id=\"477f3af\" data-element_type=\"widget\" data-widget_type=\"image.default\">\n\t\t\t\t<div class=\"elementor-widget-container\">\n\t\t\t\t\t\t\t\t\t\t\t\t\t\t\t<img decoding=\"async\" width=\"272\" height=\"101\" src=\"https:\/\/ruderschuhe.com\/wp-content\/uploads\/2023\/05\/Group-252.svg\" class=\"attachment-full size-full wp-image-2252\" alt=\"Timeline_picture_story_2014\" \/>\t\t\t\t\t\t\t\t\t\t\t\t\t\t\t<\/div>\n\t\t\t\t<\/div>\n\t\t\t\t<div class=\"elementor-element elementor-element-ab24583 elementor-widget__width-auto elementor-widget-tablet__width-inherit elementor-widget-mobile__width-inherit elementor-widget elementor-widget-heading\" data-id=\"ab24583\" data-element_type=\"widget\" data-widget_type=\"heading.default\">\n\t\t\t\t<div class=\"elementor-widget-container\">\n\t\t\t\t\t<h2 class=\"elementor-heading-title elementor-size-default\">D\u00e9but : mod\u00e8le Lago<\/h2>\t\t\t\t<\/div>\n\t\t\t\t<\/div>\n\t\t\t\t<div class=\"elementor-element elementor-element-00deee5 elementor-widget__width-initial elementor-widget elementor-widget-text-editor\" data-id=\"00deee5\" data-element_type=\"widget\" data-widget_type=\"text-editor.default\">\n\t\t\t\t<div class=\"elementor-widget-container\">\n\t\t\t\t\t\t\t\t\t<p>En 2014, une grande marque de sport a arr\u00eat\u00e9 la production de ses chaussures d'aviron. Comme nous ne trouvions aucune autre chaussure qui r\u00e9pondait \u00e0 nos exigences, nous avons compris que nous devions prendre le relais. C'est ainsi qu'est n\u00e9e notre vision. La vision de la chaussure d'aviron parfaite.<\/p><p>Apr\u00e8s des jours, des semaines et des mois de d\u00e9veloppement et de tests, notre prototype est entr\u00e9 en production et notre premier mod\u00e8le \u00e9tait pr\u00eat pour la course. Le mod\u00e8le Lago \u00e9tait n\u00e9 et a \u00e9t\u00e9 vendu \u00e0 des clients exclusifs en Europe et en Am\u00e9rique du Nord.<\/p>\t\t\t\t\t\t\t\t<\/div>\n\t\t\t\t<\/div>\n\t\t\t\t\t<\/div>\n\t\t<\/div>\n\t\t\t\t<div class=\"elementor-column elementor-col-50 elementor-inner-column elementor-element elementor-element-c5b25ec\" data-id=\"c5b25ec\" data-element_type=\"column\" data-settings=\"{&quot;background_background&quot;:&quot;classic&quot;}\">\n\t\t\t<div class=\"elementor-widget-wrap elementor-element-populated\">\n\t\t\t\t\t\t<div class=\"elementor-element elementor-element-b8c3edb elementor-widget elementor-widget-image\" data-id=\"b8c3edb\" data-element_type=\"widget\" data-widget_type=\"image.default\">\n\t\t\t\t<div class=\"elementor-widget-container\">\n\t\t\t\t\t\t\t\t\t\t\t\t\t\t\t<img fetchpriority=\"high\" decoding=\"async\" width=\"660\" height=\"341\" src=\"https:\/\/ruderschuhe.com\/wp-content\/uploads\/2023\/05\/original-shoe-1.svg\" class=\"attachment-full size-full wp-image-1700\" alt=\"original shoe 1 Lago\" \/>\t\t\t\t\t\t\t\t\t\t\t\t\t\t\t<\/div>\n\t\t\t\t<\/div>\n\t\t\t\t\t<\/div>\n\t\t<\/div>\n\t\t\t\t\t<\/div>\n\t\t<\/section>\n\t\t\t\t\t<\/div>\n\t\t<\/div>\n\t\t\t\t\t<\/div>\n\t\t<\/section>\n\t\t\t\t<section class=\"elementor-section elementor-top-section elementor-element elementor-element-d694e44 elementor-section-boxed elementor-section-height-default elementor-section-height-default\" data-id=\"d694e44\" data-element_type=\"section\">\n\t\t\t\t\t\t<div class=\"elementor-container elementor-column-gap-default\">\n\t\t\t\t\t<div class=\"elementor-column elementor-col-50 elementor-top-column elementor-element elementor-element-46824ae\" data-id=\"46824ae\" data-element_type=\"column\">\n\t\t\t<div class=\"elementor-widget-wrap elementor-element-populated\">\n\t\t\t\t\t\t<div class=\"elementor-element elementor-element-1bbfa9e elementor-widget elementor-widget-image\" data-id=\"1bbfa9e\" data-element_type=\"widget\" data-widget_type=\"image.default\">\n\t\t\t\t<div class=\"elementor-widget-container\">\n\t\t\t\t\t\t\t\t\t\t\t\t\t\t\t<img decoding=\"async\" width=\"756\" height=\"752\" src=\"https:\/\/ruderschuhe.com\/wp-content\/uploads\/2023\/04\/Group-91.svg\" class=\"attachment-full size-full wp-image-1120\" alt=\"ruderschuhe_thomas_lange_shoes\" \/>\t\t\t\t\t\t\t\t\t\t\t\t\t\t\t<\/div>\n\t\t\t\t<\/div>\n\t\t\t\t\t<\/div>\n\t\t<\/div>\n\t\t\t\t<div class=\"elementor-column elementor-col-50 elementor-top-column elementor-element elementor-element-9bfafe0\" data-id=\"9bfafe0\" data-element_type=\"column\">\n\t\t\t<div class=\"elementor-widget-wrap elementor-element-populated\">\n\t\t\t\t\t\t<div class=\"elementor-element elementor-element-700c296 elementor-widget elementor-widget-image\" data-id=\"700c296\" data-element_type=\"widget\" data-widget_type=\"image.default\">\n\t\t\t\t<div class=\"elementor-widget-container\">\n\t\t\t\t\t\t\t\t\t\t\t\t\t\t\t<img loading=\"lazy\" decoding=\"async\" width=\"272\" height=\"101\" src=\"https:\/\/ruderschuhe.com\/wp-content\/uploads\/2023\/05\/Group-251.svg\" class=\"attachment-full size-full wp-image-2247\" alt=\"Timeline_picture_story_2017\" \/>\t\t\t\t\t\t\t\t\t\t\t\t\t\t\t<\/div>\n\t\t\t\t<\/div>\n\t\t\t\t<div class=\"elementor-element elementor-element-757fed9 elementor-widget__width-auto elementor-widget-tablet__width-inherit elementor-widget elementor-widget-heading\" data-id=\"757fed9\" data-element_type=\"widget\" data-widget_type=\"heading.default\">\n\t\t\t\t<div class=\"elementor-widget-container\">\n\t\t\t\t\t<h2 class=\"elementor-heading-title elementor-size-default\">Le successeur : <br>\nMod\u00e8le Thomas Lange<\/h2>\t\t\t\t<\/div>\n\t\t\t\t<\/div>\n\t\t\t\t<div class=\"elementor-element elementor-element-76bc76a elementor-widget__width-initial elementor-widget elementor-widget-text-editor\" data-id=\"76bc76a\" data-element_type=\"widget\" data-widget_type=\"text-editor.default\">\n\t\t\t\t<div class=\"elementor-widget-container\">\n\t\t\t\t\t\t\t\t\t<p>Apr\u00e8s trois ans sur le march\u00e9, nous avons re\u00e7u des commentaires qui nous ont fait prendre conscience qu'il existait des faiblesses \u00e0 long terme auxquelles nous devions rem\u00e9dier de toute urgence. Ces faiblesses concernaient notamment les mat\u00e9riaux, le confort et surtout la durabilit\u00e9.<\/p><p>Puis, en 2017, lors d'une r\u00e9gate dans le nord de l'Allemagne, nous avons rencontr\u00e9 Thomas Lange, l\u00e9gende allemande de l'aviron et champion olympique, qui s'est montr\u00e9 pr\u00eat \u00e0 se joindre \u00e0 notre vision.<\/p><p><strong style=\"font-family: magistral;\">\u00ab J'ai aim\u00e9 l'id\u00e9e de d\u00e9velopper un sabot d'aviron de haute qualit\u00e9,<br \/>que les sportifs et les clubs peuvent se permettre. \u00bb<\/strong><\/p><p>Influenc\u00e9s par son exp\u00e9rience, nous avons enti\u00e8rement repens\u00e9 notre chapeau de gouvernail.<\/p><p>Sur ce mod\u00e8le, nous avons am\u00e9lior\u00e9 le mat\u00e9riau et la jonction entre la semelle et la tige. Nous avons modifi\u00e9 la coupe de l'avant-pied et du talon et am\u00e9lior\u00e9 la qualit\u00e9 et la position de nos fermetures velcro et des \u00e9l\u00e9ments de jonction. Le r\u00e9sultat : une chaussure id\u00e9ale pour les rameurs et les clubs d'aviron en termes de prix, de qualit\u00e9 et de durabilit\u00e9.<\/p><p>Un nouveau champion parmi les chaussures d'aviron a \u00e9t\u00e9 d\u00e9velopp\u00e9, test\u00e9 et commercialis\u00e9 dans le monde entier sous le nouveau nom \u00ab Thomas Lange \u00bb.<\/p>\t\t\t\t\t\t\t\t<\/div>\n\t\t\t\t<\/div>\n\t\t\t\t\t<\/div>\n\t\t<\/div>\n\t\t\t\t\t<\/div>\n\t\t<\/section>\n\t\t\t\t<section class=\"elementor-section elementor-top-section elementor-element elementor-element-db89c27 elementor-section-boxed elementor-section-height-default elementor-section-height-default\" data-id=\"db89c27\" data-element_type=\"section\">\n\t\t\t\t\t\t<div class=\"elementor-container elementor-column-gap-default\">\n\t\t\t\t\t<div class=\"elementor-column elementor-col-100 elementor-top-column elementor-element elementor-element-2c03692\" data-id=\"2c03692\" data-element_type=\"column\">\n\t\t\t<div class=\"elementor-widget-wrap elementor-element-populated\">\n\t\t\t\t\t\t<div class=\"elementor-element elementor-element-258cb75 elementor-widget__width-initial elementor-widget elementor-widget-heading\" data-id=\"258cb75\" data-element_type=\"widget\" data-widget_type=\"heading.default\">\n\t\t\t\t<div class=\"elementor-widget-container\">\n\t\t\t\t\t<h2 class=\"elementor-heading-title elementor-size-default\">Nous avons discut\u00e9 avec Thomas Lange de notre partenariat et du d\u00e9veloppement de la chaussure d'aviron id\u00e9ale : <\/h2>\t\t\t\t<\/div>\n\t\t\t\t<\/div>\n\t\t\t\t<div class=\"elementor-element elementor-element-cbdf60c elementor-align-center elementor-widget elementor-widget-button\" data-id=\"cbdf60c\" data-element_type=\"widget\" data-widget_type=\"button.default\">\n\t\t\t\t<div class=\"elementor-widget-container\">\n\t\t\t\t\t\t\t\t\t<div class=\"elementor-button-wrapper\">\n\t\t\t\t\t<a class=\"elementor-button elementor-button-link elementor-size-sm\" href=\"#elementor-action%3Aaction%3Dpopup%3Aopen%26settings%3DeyJpZCI6IjkzMiIsInRvZ2dsZSI6ZmFsc2V9\">\n\t\t\t\t\t\t<span class=\"elementor-button-content-wrapper\">\n\t\t\t\t\t\t\t\t\t<span class=\"elementor-button-text\">EN SAVOIR PLUS SUR L'INTERVIEW<\/span>\n\t\t\t\t\t<\/span>\n\t\t\t\t\t<\/a>\n\t\t\t\t<\/div>\n\t\t\t\t\t\t\t\t<\/div>\n\t\t\t\t<\/div>\n\t\t\t\t\t<\/div>\n\t\t<\/div>\n\t\t\t\t\t<\/div>\n\t\t<\/section>\n\t\t\t\t<section class=\"elementor-section elementor-top-section elementor-element elementor-element-cccb47b elementor-section-boxed elementor-section-height-default elementor-section-height-default\" data-id=\"cccb47b\" data-element_type=\"section\">\n\t\t\t\t\t\t<div class=\"elementor-container elementor-column-gap-default\">\n\t\t\t\t\t<div class=\"elementor-column elementor-col-100 elementor-top-column elementor-element elementor-element-91177df\" data-id=\"91177df\" data-element_type=\"column\">\n\t\t\t<div class=\"elementor-widget-wrap elementor-element-populated\">\n\t\t\t\t\t\t<section class=\"elementor-section elementor-inner-section elementor-element elementor-element-9b52602 elementor-section-full_width elementor-section-height-default elementor-section-height-default\" data-id=\"9b52602\" data-element_type=\"section\">\n\t\t\t\t\t\t<div class=\"elementor-container elementor-column-gap-default\">\n\t\t\t\t\t<div class=\"elementor-column elementor-col-50 elementor-inner-column elementor-element elementor-element-31569d6\" data-id=\"31569d6\" data-element_type=\"column\">\n\t\t\t<div class=\"elementor-widget-wrap elementor-element-populated\">\n\t\t\t\t\t\t<div class=\"elementor-element elementor-element-ffa2e9f elementor-widget elementor-widget-image\" data-id=\"ffa2e9f\" data-element_type=\"widget\" data-widget_type=\"image.default\">\n\t\t\t\t<div class=\"elementor-widget-container\">\n\t\t\t\t\t\t\t\t\t\t\t\t\t\t\t<img loading=\"lazy\" decoding=\"async\" width=\"272\" height=\"101\" src=\"https:\/\/ruderschuhe.com\/wp-content\/uploads\/2023\/05\/Group-250.svg\" class=\"attachment-full size-full wp-image-2246\" alt=\"Timeline_picture_story_2022\" \/>\t\t\t\t\t\t\t\t\t\t\t\t\t\t\t<\/div>\n\t\t\t\t<\/div>\n\t\t\t\t<div class=\"elementor-element elementor-element-a7a4925 elementor-widget__width-initial elementor-widget-tablet__width-inherit elementor-widget elementor-widget-heading\" data-id=\"a7a4925\" data-element_type=\"widget\" data-widget_type=\"heading.default\">\n\t\t\t\t<div class=\"elementor-widget-container\">\n\t\t\t\t\t<h2 class=\"elementor-heading-title elementor-size-default\">Notre champion : <br> Mod\u00e8le Thomas Lange GOLD EDITION<\/h2>\t\t\t\t<\/div>\n\t\t\t\t<\/div>\n\t\t\t\t<div class=\"elementor-element elementor-element-06b8e0b elementor-widget__width-initial elementor-widget elementor-widget-text-editor\" data-id=\"06b8e0b\" data-element_type=\"widget\" data-widget_type=\"text-editor.default\">\n\t\t\t\t<div class=\"elementor-widget-container\">\n\t\t\t\t\t\t\t\t\t<p>Comme de plus en plus de rameurs utilisent nos chaussures d'aviron, nous avons re\u00e7u beaucoup plus de commentaires pr\u00e9cieux et avons pu lancer une version am\u00e9lior\u00e9e des \u00ab chaussures d'aviron Thomas Lange \u00bb en 2022.<\/p><p>La \u00ab Thomas Lange Gold Edition \u00bb se pr\u00e9sente avec un nouveau design, un poids optimis\u00e9, une transmission de puissance encore am\u00e9lior\u00e9e, des trous de vis perfectionn\u00e9s et encore plus de confort pour les rameurs.<\/p>\t\t\t\t\t\t\t\t<\/div>\n\t\t\t\t<\/div>\n\t\t\t\t\t<\/div>\n\t\t<\/div>\n\t\t\t\t<div class=\"elementor-column elementor-col-50 elementor-inner-column elementor-element elementor-element-4b8cadd\" data-id=\"4b8cadd\" data-element_type=\"column\" data-settings=\"{&quot;background_background&quot;:&quot;classic&quot;}\">\n\t\t\t<div class=\"elementor-widget-wrap elementor-element-populated\">\n\t\t\t\t\t\t<div class=\"elementor-element elementor-element-31803ef elementor-widget elementor-widget-image\" data-id=\"31803ef\" data-element_type=\"widget\" data-widget_type=\"image.default\">\n\t\t\t\t<div class=\"elementor-widget-container\">\n\t\t\t\t\t\t\t\t\t\t\t\t\t\t\t<img loading=\"lazy\" decoding=\"async\" width=\"569\" height=\"327\" src=\"https:\/\/ruderschuhe.com\/wp-content\/uploads\/2023\/04\/Seite-1.svg\" class=\"attachment-full size-full wp-image-1127\" alt=\"Thomas Lange Gold picture side view\" \/>\t\t\t\t\t\t\t\t\t\t\t\t\t\t\t<\/div>\n\t\t\t\t<\/div>\n\t\t\t\t<div class=\"elementor-element elementor-element-78a1b2b elementor-align-center elementor-widget elementor-widget-button\" data-id=\"78a1b2b\" data-element_type=\"widget\" data-widget_type=\"button.default\">\n\t\t\t\t<div class=\"elementor-widget-container\">\n\t\t\t\t\t\t\t\t\t<div class=\"elementor-button-wrapper\">\n\t\t\t\t\t<a class=\"elementor-button elementor-button-link elementor-size-sm\" href=\"https:\/\/ruderschuhe.com\/fr\/shop\/\">\n\t\t\t\t\t\t<span class=\"elementor-button-content-wrapper\">\n\t\t\t\t\t\t\t\t\t<span class=\"elementor-button-text\">OBTENEZ LA CHAUSSURE<\/span>\n\t\t\t\t\t<\/span>\n\t\t\t\t\t<\/a>\n\t\t\t\t<\/div>\n\t\t\t\t\t\t\t\t<\/div>\n\t\t\t\t<\/div>\n\t\t\t\t\t<\/div>\n\t\t<\/div>\n\t\t\t\t\t<\/div>\n\t\t<\/section>\n\t\t\t\t\t<\/div>\n\t\t<\/div>\n\t\t\t\t\t<\/div>\n\t\t<\/section>\n\t\t\t\t<section class=\"elementor-section elementor-top-section elementor-element elementor-element-2fc8895 elementor-section-boxed elementor-section-height-default elementor-section-height-default\" data-id=\"2fc8895\" data-element_type=\"section\" data-settings=\"{&quot;background_background&quot;:&quot;classic&quot;}\">\n\t\t\t\t\t\t<div class=\"elementor-container elementor-column-gap-default\">\n\t\t\t\t\t<div class=\"elementor-column elementor-col-50 elementor-top-column elementor-element elementor-element-4f2a555\" data-id=\"4f2a555\" data-element_type=\"column\">\n\t\t\t<div class=\"elementor-widget-wrap elementor-element-populated\">\n\t\t\t\t\t\t<div class=\"elementor-element elementor-element-2079f93 elementor-widget elementor-widget-heading\" data-id=\"2079f93\" data-element_type=\"widget\" data-widget_type=\"heading.default\">\n\t\t\t\t<div class=\"elementor-widget-container\">\n\t\t\t\t\t<h2 class=\"elementor-heading-title elementor-size-default\">Nous ne cessons jamais d'\u00e9voluer<\/h2>\t\t\t\t<\/div>\n\t\t\t\t<\/div>\n\t\t\t\t<div class=\"elementor-element elementor-element-a24e760 elementor-widget elementor-widget-text-editor\" data-id=\"a24e760\" data-element_type=\"widget\" data-widget_type=\"text-editor.default\">\n\t\t\t\t<div class=\"elementor-widget-container\">\n\t\t\t\t\t\t\t\t\t<p>Tu veux faire partie de l'histoire ?<br \/><br \/><br \/>Faites-nous part de vos commentaires ou de vos besoins sp\u00e9cifiques en mati\u00e8re de chaussures et aidez-nous \u00e0 d\u00e9velopper une chaussure unique et bien \u00e9quilibr\u00e9e.<\/p>\t\t\t\t\t\t\t\t<\/div>\n\t\t\t\t<\/div>\n\t\t\t\t\t<\/div>\n\t\t<\/div>\n\t\t\t\t<div class=\"elementor-column elementor-col-50 elementor-top-column elementor-element elementor-element-3fc22f8\" data-id=\"3fc22f8\" data-element_type=\"column\">\n\t\t\t<div class=\"elementor-widget-wrap elementor-element-populated\">\n\t\t\t\t\t\t<div class=\"elementor-element elementor-element-9353e62 elementor-button-align-end elementor-widget elementor-widget-form\" data-id=\"9353e62\" data-element_type=\"widget\" data-settings=\"{&quot;step_next_label&quot;:&quot;Next&quot;,&quot;step_previous_label&quot;:&quot;Previous&quot;,&quot;button_width&quot;:&quot;100&quot;,&quot;step_type&quot;:&quot;number_text&quot;,&quot;step_icon_shape&quot;:&quot;circle&quot;}\" data-widget_type=\"form.default\">\n\t\t\t\t<div class=\"elementor-widget-container\">\n\t\t\t\t\t\t\t<form class=\"elementor-form\" method=\"post\" name=\"Become part of the story\" aria-label=\"Become part of the story\" action=\"\">\n\t\t\t<input type=\"hidden\" name=\"post_id\" value=\"198\"\/>\n\t\t\t<input type=\"hidden\" name=\"form_id\" value=\"9353e62\"\/>\n\t\t\t<input type=\"hidden\" name=\"referer_title\" value=\"Crafted with Legends in Mind | Our Thomas Lange Partnership\" \/>\n\n\t\t\t\t\t\t\t<input type=\"hidden\" name=\"queried_id\" value=\"198\"\/>\n\t\t\t\n\t\t\t<div class=\"elementor-form-fields-wrapper elementor-labels-above\">\n\t\t\t\t\t\t\t\t<div class=\"elementor-field-type-email elementor-field-group elementor-column elementor-field-group-email elementor-col-100 elementor-field-required elementor-mark-required\">\n\t\t\t\t\t\t\t\t\t\t\t\t<label for=\"form-field-email\" class=\"elementor-field-label\">\n\t\t\t\t\t\t\t\tAdresse e-mail\t\t\t\t\t\t\t<\/label>\n\t\t\t\t\t\t\t\t\t\t\t\t\t\t<input size=\"1\" type=\"email\" name=\"form_fields[email]\" id=\"form-field-email\" class=\"elementor-field elementor-size-sm  elementor-field-textual\" placeholder=\"Texte\" required=\"required\">\n\t\t\t\t\t\t\t\t\t\t\t<\/div>\n\t\t\t\t\t\t\t\t<div class=\"elementor-field-type-textarea elementor-field-group elementor-column elementor-field-group-message elementor-col-100 elementor-field-required elementor-mark-required\">\n\t\t\t\t\t\t\t\t\t\t\t\t<label for=\"form-field-message\" class=\"elementor-field-label\">\n\t\t\t\t\t\t\t\tmessage\t\t\t\t\t\t\t<\/label>\n\t\t\t\t\t\t<textarea class=\"elementor-field-textual elementor-field  elementor-size-sm\" name=\"form_fields[message]\" id=\"form-field-message\" rows=\"4\" placeholder=\"Texte\" required=\"required\"><\/textarea>\t\t\t\t<\/div>\n\t\t\t\t\t\t\t\t<div class=\"elementor-field-type-html elementor-field-group elementor-column elementor-field-group-field_8a02fa2 elementor-col-100\">\n\t\t\t\t\t * Champ obligatoire | En envoyant ces donn\u00e9es, je d\u00e9clare accepter, conform\u00e9ment \u00e0 la d\u00e9claration de confidentialit\u00e9, que la soci\u00e9t\u00e9 JLSPORT.DE GmbH puisse me contacter.\n\t\t\t\t<\/div>\n\t\t\t\t\t\t\t\t<div class=\"elementor-field-group elementor-column elementor-field-type-submit elementor-col-100 e-form__buttons\">\n\t\t\t\t\t<button class=\"elementor-button elementor-size-sm\" type=\"submit\">\n\t\t\t\t\t\t<span class=\"elementor-button-content-wrapper\">\n\t\t\t\t\t\t\t\t\t\t\t\t\t\t\t\t\t\t\t\t\t\t<span class=\"elementor-button-text\">ENVOYER UN MESSAGE<\/span>\n\t\t\t\t\t\t\t\t\t\t\t\t\t<\/span>\n\t\t\t\t\t<\/button>\n\t\t\t\t<\/div>\n\t\t\t<\/div>\n\t\t<input\n                    class=\"apbct_special_field apbct_email_id__elementor_form\"\n                    name=\"apbct__email_id__elementor_form\"\n                    aria-label=\"Become part of the story\"\n                    type=\"text\" size=\"30\" maxlength=\"200\" autocomplete=\"off\"\n                    value=\"\"\n                \/><input type=\"hidden\" name=\"trp-form-language\" value=\"fr\"\/><\/form>\n\t\t\t\t\t\t<\/div>\n\t\t\t\t<\/div>\n\t\t\t\t\t<\/div>\n\t\t<\/div>\n\t\t\t\t\t<\/div>\n\t\t<\/section>\n\t\t\t\t<\/div>","protected":false},"excerpt":{"rendered":"<p>The Evolution of our elite rowing shoes Discover the story behind our passion project, how a vision to create the ultimate rowing shoe led to a game-changing partnership with Olympic legend Thomas Lange. Start: Model Lago It was the year 2014 and a big sport brand just stopped their rowing shoe production.\u00a0 As we couldn\u2019t [&hellip;]<\/p>","protected":false},"author":2,"featured_media":0,"parent":0,"menu_order":0,"comment_status":"closed","ping_status":"closed","template":"","meta":{"om_disable_all_campaigns":false,"site-sidebar-layout":"no-sidebar","site-content-layout":"page-builder","ast-site-content-layout":"full-width-container","site-content-style":"unboxed","site-sidebar-style":"unboxed","ast-global-header-display":"","ast-banner-title-visibility":"","ast-main-header-display":"","ast-hfb-above-header-display":"","ast-hfb-below-header-display":"","ast-hfb-mobile-header-display":"","site-post-title":"disabled","ast-breadcrumbs-content":"","ast-featured-img":"disabled","footer-sml-layout":"","theme-transparent-header-meta":"","adv-header-id-meta":"","stick-header-meta":"","header-above-stick-meta":"","header-main-stick-meta":"","header-below-stick-meta":"","astra-migrate-meta-layouts":"set","ast-page-background-enabled":"default","ast-page-background-meta":{"desktop":{"background-color":"var(--ast-global-color-4)","background-image":"","background-repeat":"repeat","background-position":"center center","background-size":"auto","background-attachment":"scroll","background-type":"","background-media":"","overlay-type":"","overlay-color":"","overlay-opacity":"","overlay-gradient":""},"tablet":{"background-color":"","background-image":"","background-repeat":"repeat","background-position":"center center","background-size":"auto","background-attachment":"scroll","background-type":"","background-media":"","overlay-type":"","overlay-color":"","overlay-opacity":"","overlay-gradient":""},"mobile":{"background-color":"","background-image":"","background-repeat":"repeat","background-position":"center center","background-size":"auto","background-attachment":"scroll","background-type":"","background-media":"","overlay-type":"","overlay-color":"","overlay-opacity":"","overlay-gradient":""}},"ast-content-background-meta":{"desktop":{"background-color":"var(--ast-global-color-5)","background-image":"","background-repeat":"repeat","background-position":"center center","background-size":"auto","background-attachment":"scroll","background-type":"","background-media":"","overlay-type":"","overlay-color":"","overlay-opacity":"","overlay-gradient":""},"tablet":{"background-color":"var(--ast-global-color-5)","background-image":"","background-repeat":"repeat","background-position":"center center","background-size":"auto","background-attachment":"scroll","background-type":"","background-media":"","overlay-type":"","overlay-color":"","overlay-opacity":"","overlay-gradient":""},"mobile":{"background-color":"var(--ast-global-color-5)","background-image":"","background-repeat":"repeat","background-position":"center center","background-size":"auto","background-attachment":"scroll","background-type":"","background-media":"","overlay-type":"","overlay-color":"","overlay-opacity":"","overlay-gradient":""}},"footnotes":""},"class_list":["post-198","page","type-page","status-publish","hentry"],"aioseo_notices":[],"_links":{"self":[{"href":"https:\/\/ruderschuhe.com\/fr\/wp-json\/wp\/v2\/pages\/198","targetHints":{"allow":["GET"]}}],"collection":[{"href":"https:\/\/ruderschuhe.com\/fr\/wp-json\/wp\/v2\/pages"}],"about":[{"href":"https:\/\/ruderschuhe.com\/fr\/wp-json\/wp\/v2\/types\/page"}],"author":[{"embeddable":true,"href":"https:\/\/ruderschuhe.com\/fr\/wp-json\/wp\/v2\/users\/2"}],"replies":[{"embeddable":true,"href":"https:\/\/ruderschuhe.com\/fr\/wp-json\/wp\/v2\/comments?post=198"}],"version-history":[{"count":4,"href":"https:\/\/ruderschuhe.com\/fr\/wp-json\/wp\/v2\/pages\/198\/revisions"}],"predecessor-version":[{"id":5138,"href":"https:\/\/ruderschuhe.com\/fr\/wp-json\/wp\/v2\/pages\/198\/revisions\/5138"}],"wp:attachment":[{"href":"https:\/\/ruderschuhe.com\/fr\/wp-json\/wp\/v2\/media?parent=198"}],"curies":[{"name":"wp","href":"https:\/\/api.w.org\/{rel}","templated":true}]}}