{"id":2260,"date":"2023-06-02T09:21:35","date_gmt":"2023-06-02T09:21:35","guid":{"rendered":"https:\/\/ruderschuhe.com\/shipping__delivery\/"},"modified":"2025-05-20T10:36:01","modified_gmt":"2025-05-20T10:36:01","slug":"shipping__delivery","status":"publish","type":"page","link":"https:\/\/ruderschuhe.com\/fr\/shipping__delivery\/","title":{"rendered":"Livraison rapide et s\u00e9curis\u00e9e | Informations sur l'exp\u00e9dition | Ruderschuhe.com"},"content":{"rendered":"<div data-elementor-type=\"wp-page\" data-elementor-id=\"2260\" class=\"elementor elementor-2260\" data-elementor-post-type=\"page\">\n\t\t\t\t\t\t<section class=\"elementor-section elementor-top-section elementor-element elementor-element-5c2ea33 elementor-section-boxed elementor-section-height-default elementor-section-height-default\" data-id=\"5c2ea33\" data-element_type=\"section\">\n\t\t\t\t\t\t<div class=\"elementor-container elementor-column-gap-default\">\n\t\t\t\t\t<div class=\"elementor-column elementor-col-100 elementor-top-column elementor-element elementor-element-dfe328f\" data-id=\"dfe328f\" data-element_type=\"column\">\n\t\t\t<div class=\"elementor-widget-wrap elementor-element-populated\">\n\t\t\t\t\t\t<section class=\"elementor-section elementor-inner-section elementor-element elementor-element-fb65c34 elementor-section-boxed elementor-section-height-default elementor-section-height-default\" data-id=\"fb65c34\" data-element_type=\"section\">\n\t\t\t\t\t\t<div class=\"elementor-container elementor-column-gap-default\">\n\t\t\t\t\t<div class=\"elementor-column elementor-col-100 elementor-inner-column elementor-element elementor-element-f7f30c8\" data-id=\"f7f30c8\" data-element_type=\"column\">\n\t\t\t<div class=\"elementor-widget-wrap elementor-element-populated\">\n\t\t\t\t\t\t<div class=\"elementor-element elementor-element-12ccd5f elementor-widget elementor-widget-text-editor\" data-id=\"12ccd5f\" data-element_type=\"widget\" data-widget_type=\"text-editor.default\">\n\t\t\t\t<div class=\"elementor-widget-container\">\n\t\t\t\t\t\t\t\t\t<p><strong>Informations importantes concernant les frais de livraison et d'exp\u00e9dition<\/strong><\/p><ul><li>Des tarifs sp\u00e9ciaux s'appliquent pour les livraisons vers les \u00eeles allemandes. Ceux-ci sont disponibles sur demande.<\/li><\/ul><p><strong>Exp\u00e9dition en Suisse :<\/strong><\/p><ul><li>La livraison en Suisse s'effectue selon les termes Incoterm DAP (franco domicile, hors droits de douane et hors taxes).<\/li><li><strong>Important !<\/strong> Les frais d'importation, la commission de pr\u00e9sentation, les droits de douane et une taxe sur la valeur ajout\u00e9e de 8 % sont factur\u00e9s s\u00e9par\u00e9ment.<\/li><\/ul>\t\t\t\t\t\t\t\t<\/div>\n\t\t\t\t<\/div>\n\t\t\t\t\t<\/div>\n\t\t<\/div>\n\t\t\t\t\t<\/div>\n\t\t<\/section>\n\t\t\t\t\t<\/div>\n\t\t<\/div>\n\t\t\t\t\t<\/div>\n\t\t<\/section>\n\t\t\t\t<section class=\"elementor-section elementor-top-section elementor-element elementor-element-3dc13b4 elementor-section-boxed elementor-section-height-default elementor-section-height-default\" data-id=\"3dc13b4\" data-element_type=\"section\">\n\t\t\t\t\t\t<div class=\"elementor-container elementor-column-gap-default\">\n\t\t\t\t\t<div class=\"elementor-column elementor-col-100 elementor-top-column elementor-element elementor-element-21e45f0\" data-id=\"21e45f0\" data-element_type=\"column\">\n\t\t\t<div class=\"elementor-widget-wrap elementor-element-populated\">\n\t\t\t\t\t\t<section class=\"elementor-section elementor-inner-section elementor-element elementor-element-021b923 elementor-section-boxed elementor-section-height-default elementor-section-height-default\" data-id=\"021b923\" data-element_type=\"section\">\n\t\t\t\t\t\t<div class=\"elementor-container elementor-column-gap-default\">\n\t\t\t\t\t<div class=\"elementor-column elementor-col-100 elementor-inner-column elementor-element elementor-element-44dee6c\" data-id=\"44dee6c\" data-element_type=\"column\">\n\t\t\t<div class=\"elementor-widget-wrap\">\n\t\t\t\t\t\t\t<\/div>\n\t\t<\/div>\n\t\t\t\t\t<\/div>\n\t\t<\/section>\n\t\t\t\t<section class=\"elementor-section elementor-inner-section elementor-element elementor-element-accc457 elementor-section-boxed elementor-section-height-default elementor-section-height-default\" data-id=\"accc457\" data-element_type=\"section\">\n\t\t\t\t\t\t<div class=\"elementor-container elementor-column-gap-default\">\n\t\t\t\t\t<div class=\"elementor-column elementor-col-100 elementor-inner-column elementor-element elementor-element-82ab4a8\" data-id=\"82ab4a8\" data-element_type=\"column\">\n\t\t\t<div class=\"elementor-widget-wrap elementor-element-populated\">\n\t\t\t\t\t\t<div class=\"elementor-element elementor-element-d64655f elementor-widget elementor-widget-text-editor\" data-id=\"d64655f\" data-element_type=\"widget\" data-widget_type=\"text-editor.default\">\n\t\t\t\t<div class=\"elementor-widget-container\">\n\t\t\t\t\t\t\t\t\t<p><strong>INFORMATIONS DE BASE POUR LE CALCUL DU D\u00c9LAI DE LIVRAISON :<br \/><\/strong><br \/>Si vous commandez plusieurs articles chez nous dans le cadre d'une commande pour lesquels les d\u00e9lais de livraison sont diff\u00e9rents, nous exp\u00e9dions la marchandise en un seul envoi, sauf accord contraire avec vous. Dans ce cas, le d\u00e9lai de livraison applicable \u00e0 l'ensemble de la commande est celui de l'article de votre commande ayant le d\u00e9lai de livraison le plus long.<\/p><p><strong>Pays de l'Eurogroupe :<\/strong><\/p><p><strong>EU1:<\/strong><br \/>Autriche, Belgique, R\u00e9publique tch\u00e8que, Hongrie, Luxembourg, Pays-Bas, Pologne<\/p><p><strong>EU2:<\/strong><br \/>Croatie, Danemark, France, Italie, Portugal, Roumanie, Slov\u00e9nie, Espagne<\/p><p><strong>EU3:<\/strong><br \/>Chypre, Bulgarie, Estonie, Finlande, Gr\u00e8ce, Irlande, Lettonie, Lituanie, Slovaquie, Su\u00e8de<\/p><p><strong>N-EU1:<\/strong><br \/>Royaume-Uni<\/p><p><strong>N-EU2:<\/strong><br \/>Andorre, Norv\u00e8ge, Saint-Marin, Suisse<\/p>\t\t\t\t\t\t\t\t<\/div>\n\t\t\t\t<\/div>\n\t\t\t\t\t<\/div>\n\t\t<\/div>\n\t\t\t\t\t<\/div>\n\t\t<\/section>\n\t\t\t\t<section class=\"elementor-section elementor-inner-section elementor-element elementor-element-4c1b87d elementor-section-boxed elementor-section-height-default elementor-section-height-default\" data-id=\"4c1b87d\" data-element_type=\"section\">\n\t\t\t\t\t\t<div class=\"elementor-container elementor-column-gap-default\">\n\t\t\t\t\t<div class=\"elementor-column elementor-col-100 elementor-inner-column elementor-element elementor-element-b6c7ce1\" data-id=\"b6c7ce1\" data-element_type=\"column\">\n\t\t\t<div class=\"elementor-widget-wrap elementor-element-populated\">\n\t\t\t\t\t\t<div class=\"elementor-element elementor-element-86705af elementor-widget elementor-widget-text-editor\" data-id=\"86705af\" data-element_type=\"widget\" data-widget_type=\"text-editor.default\">\n\t\t\t\t<div class=\"elementor-widget-container\">\n\t\t\t\t\t\t\t\t\t<p><strong>D\u00c9LAIS DE LIVRAISON :<\/strong><\/p><p>Apr\u00e8s la commande, les produits sont emball\u00e9s et vous recevez votre facture d\u00e8s que les marchandises sont pr\u00eates \u00e0 \u00eatre exp\u00e9di\u00e9es.<br \/>Une fois le paiement re\u00e7u, vos marchandises seront exp\u00e9di\u00e9es imm\u00e9diatement.<\/p><p>La livraison prend entre 2 et 7 jours ouvrables. Selon le pays et la distance.<\/p>\t\t\t\t\t\t\t\t<\/div>\n\t\t\t\t<\/div>\n\t\t\t\t\t<\/div>\n\t\t<\/div>\n\t\t\t\t\t<\/div>\n\t\t<\/section>\n\t\t\t\t\t<\/div>\n\t\t<\/div>\n\t\t\t\t\t<\/div>\n\t\t<\/section>\n\t\t\t\t<\/div>","protected":false},"excerpt":{"rendered":"<p>Important information on delivery and shipping costs separate prices apply for shipping to German islands. These are available on request Shipping to Switzerland: Shipping to Switzerland takes place with incoterm DAP (free domicile, duty unpaid, untaxed) Important! Fees for import administration, presentation commission as well as customs duties and VAT of 8% will be charged [&hellip;]<\/p>","protected":false},"author":2,"featured_media":0,"parent":0,"menu_order":0,"comment_status":"closed","ping_status":"closed","template":"","meta":{"om_disable_all_campaigns":false,"site-sidebar-layout":"default","site-content-layout":"","ast-site-content-layout":"default","site-content-style":"default","site-sidebar-style":"default","ast-global-header-display":"","ast-banner-title-visibility":"","ast-main-header-display":"","ast-hfb-above-header-display":"","ast-hfb-below-header-display":"","ast-hfb-mobile-header-display":"","site-post-title":"","ast-breadcrumbs-content":"","ast-featured-img":"","footer-sml-layout":"","theme-transparent-header-meta":"","adv-header-id-meta":"","stick-header-meta":"","header-above-stick-meta":"","header-main-stick-meta":"","header-below-stick-meta":"","astra-migrate-meta-layouts":"set","ast-page-background-enabled":"default","ast-page-background-meta":{"desktop":{"background-color":"var(--ast-global-color-4)","background-image":"","background-repeat":"repeat","background-position":"center center","background-size":"auto","background-attachment":"scroll","background-type":"","background-media":"","overlay-type":"","overlay-color":"","overlay-opacity":"","overlay-gradient":""},"tablet":{"background-color":"","background-image":"","background-repeat":"repeat","background-position":"center center","background-size":"auto","background-attachment":"scroll","background-type":"","background-media":"","overlay-type":"","overlay-color":"","overlay-opacity":"","overlay-gradient":""},"mobile":{"background-color":"","background-image":"","background-repeat":"repeat","background-position":"center center","background-size":"auto","background-attachment":"scroll","background-type":"","background-media":"","overlay-type":"","overlay-color":"","overlay-opacity":"","overlay-gradient":""}},"ast-content-background-meta":{"desktop":{"background-color":"var(--ast-global-color-5)","background-image":"","background-repeat":"repeat","background-position":"center center","background-size":"auto","background-attachment":"scroll","background-type":"","background-media":"","overlay-type":"","overlay-color":"","overlay-opacity":"","overlay-gradient":""},"tablet":{"background-color":"var(--ast-global-color-5)","background-image":"","background-repeat":"repeat","background-position":"center center","background-size":"auto","background-attachment":"scroll","background-type":"","background-media":"","overlay-type":"","overlay-color":"","overlay-opacity":"","overlay-gradient":""},"mobile":{"background-color":"var(--ast-global-color-5)","background-image":"","background-repeat":"repeat","background-position":"center center","background-size":"auto","background-attachment":"scroll","background-type":"","background-media":"","overlay-type":"","overlay-color":"","overlay-opacity":"","overlay-gradient":""}},"footnotes":""},"class_list":["post-2260","page","type-page","status-publish","hentry"],"aioseo_notices":[],"_links":{"self":[{"href":"https:\/\/ruderschuhe.com\/fr\/wp-json\/wp\/v2\/pages\/2260","targetHints":{"allow":["GET"]}}],"collection":[{"href":"https:\/\/ruderschuhe.com\/fr\/wp-json\/wp\/v2\/pages"}],"about":[{"href":"https:\/\/ruderschuhe.com\/fr\/wp-json\/wp\/v2\/types\/page"}],"author":[{"embeddable":true,"href":"https:\/\/ruderschuhe.com\/fr\/wp-json\/wp\/v2\/users\/2"}],"replies":[{"embeddable":true,"href":"https:\/\/ruderschuhe.com\/fr\/wp-json\/wp\/v2\/comments?post=2260"}],"version-history":[{"count":4,"href":"https:\/\/ruderschuhe.com\/fr\/wp-json\/wp\/v2\/pages\/2260\/revisions"}],"predecessor-version":[{"id":5509,"href":"https:\/\/ruderschuhe.com\/fr\/wp-json\/wp\/v2\/pages\/2260\/revisions\/5509"}],"wp:attachment":[{"href":"https:\/\/ruderschuhe.com\/fr\/wp-json\/wp\/v2\/media?parent=2260"}],"curies":[{"name":"wp","href":"https:\/\/api.w.org\/{rel}","templated":true}]}}