{"id":2261,"date":"2023-06-02T09:21:35","date_gmt":"2023-06-02T09:21:35","guid":{"rendered":"https:\/\/ruderschuhe.com\/revocation\/"},"modified":"2025-04-15T08:02:34","modified_gmt":"2025-04-15T08:02:34","slug":"revocation","status":"publish","type":"page","link":"https:\/\/ruderschuhe.com\/fr\/revocation\/","title":{"rendered":"Droit de r\u00e9tractation | Ruderschuhe.com"},"content":{"rendered":"<p>Vous avez le droit de r\u00e9voquer ce contrat dans un d\u00e9lai de quatorze jours sans indication de motifs. Le d\u00e9lai de r\u00e9vocation est de quatorze jours \u00e0 compter du jour o\u00f9 vous ou une personne d\u00e9sign\u00e9e dans notre offre vous \u00eates d\u00e9clar\u00e9 \u00e0 nous.<\/p>\n<p>Une tierce partie qui n'est pas le transporteur a pris possession de la derni\u00e8re marchandise.<\/p>\n<p>Pour exercer votre droit de r\u00e9tractation, vous devez nous informer<\/p>\n<p>JLSPORT.DE GmbH<br \/>\nGebhardstr.7<br \/>\nD-88046 Friedrichshafen, Allemagne<\/p>\n<p>T\u00e9l\u00e9phone : +49 (0)7541 978 2627 2<br \/>\nFax : +49 (0)7541 978 2627 9<br \/>\nE-mail address: <span \n                data-original-string='WWc9pGM0Btxs2PHgPOFnUQ==38f28yfUgZ6IS7UKyXj5IN++raDRzeX9HX\/CAux4OE9FL8='\n                class='apbct-email-encoder'\n                title='This contact has been encoded by Anti-Spam by CleanTalk. Click to decode. To finish the decoding make sure that JavaScript is enabled in your browser.'>ku<span class=\"apbct-blur\">***********<\/span>@<span class=\"apbct-blur\">*****<\/span>rt.de<\/span><\/p>\n<p>au moyen d'une d\u00e9claration claire (par exemple, une lettre envoy\u00e9e par la poste, un fax ou un e-mail) indiquant votre d\u00e9cision de r\u00e9silier le pr\u00e9sent contrat. Vous pouvez utiliser le mod\u00e8le de formulaire de r\u00e9tractation ci-joint, mais ce n'est pas obligatoire.<\/p>\n<p>Vous pouvez \u00e9galement t\u00e9l\u00e9charger le mod\u00e8le de formulaire de paiement, le remplir et nous l'envoyer par courrier postal, fax ou e-mail.<\/p>\n<p><a href=\"https:\/\/ruderschuhe.com\/wp-content\/uploads\/2023\/07\/Revocation-PDF.pdf\" target=\"_blank\" rel=\"noopener\">T\u00c9L\u00c9CHARGER LE FORMULAIRE DE R\u00c9TRACTATION (PDF)<\/a><\/p>\n<p>Pour respecter le d\u00e9lai de r\u00e9tractation, il suffit d'envoyer la notification de l'exercice du droit de r\u00e9tractation avant l'expiration du d\u00e9lai de r\u00e9tractation.<\/p>\n<p><strong>Cons\u00e9quences de la r\u00e9tractation<\/strong><\/p>\n<p>Si vous r\u00e9voquez le pr\u00e9sent contrat, nous sommes tenus de vous rembourser tous les paiements que nous avons re\u00e7us de votre part, y compris les frais de livraison (\u00e0 l'exception des frais suppl\u00e9mentaires r\u00e9sultant du fait que vous avez choisi un mode de livraison autre que la livraison standard la moins ch\u00e8re que nous proposons), sans d\u00e9lai et au plus tard dans les quatorze jours \u00e0 compter de la date \u00e0 laquelle nous avons re\u00e7u la notification de votre r\u00e9vocation du pr\u00e9sent contrat. Pour ce remboursement, nous utiliserons le m\u00eame moyen de paiement que celui que vous avez utilis\u00e9 pour la transaction initiale, sauf accord contraire express\u00e9ment convenu avec vous ; en aucun cas, ce remboursement ne vous sera factur\u00e9.<\/p>\n<p>Nous pouvons diff\u00e9rer le remboursement jusqu'\u00e0 r\u00e9ception des produits ou jusqu'\u00e0 la preuve de leur exp\u00e9dition, selon la premi\u00e8re \u00e9ventualit\u00e9.<\/p>\n<p>Nous pouvons diff\u00e9rer le remboursement jusqu'\u00e0 r\u00e9ception des marchandises ou jusqu'\u00e0 ce que vous ayez fourni la preuve que vous avez renvoy\u00e9 les marchandises, selon la premi\u00e8re de ces \u00e9ventualit\u00e9s. Vous devez nous renvoyer ou nous remettre les marchandises sans d\u00e9lai et, en tout \u00e9tat de cause, au plus tard dans les quatorze jours \u00e0 compter de la date \u00e0 laquelle vous nous avez inform\u00e9 de la r\u00e9siliation du pr\u00e9sent contrat. Le d\u00e9lai est respect\u00e9 si vous exp\u00e9diez les marchandises avant l'expiration du d\u00e9lai de quatorze jours.<\/p>\n<p>Les frais de retour des marchandises sont \u00e0 la charge du client.<\/p>\n<p>Vous ne devez supporter la perte de valeur des marchandises que si celle-ci r\u00e9sulte d'une manipulation des marchandises qui n'\u00e9tait pas n\u00e9cessaire pour v\u00e9rifier leur nature, leurs propri\u00e9t\u00e9s et leur fonctionnement.<\/p>","protected":false},"excerpt":{"rendered":"<p>You have the right to revoke this contract within fourteen days without giving reasons. The revocation period is fourteen days from the day on which you or a Third party named to you, who is not the carrier, has taken possession of the last goods. To exercise your right of withdrawal, you must inform us [&hellip;]<\/p>","protected":false},"author":2,"featured_media":0,"parent":0,"menu_order":0,"comment_status":"closed","ping_status":"closed","template":"","meta":{"om_disable_all_campaigns":false,"site-sidebar-layout":"default","site-content-layout":"","ast-site-content-layout":"default","site-content-style":"default","site-sidebar-style":"default","ast-global-header-display":"","ast-banner-title-visibility":"","ast-main-header-display":"","ast-hfb-above-header-display":"","ast-hfb-below-header-display":"","ast-hfb-mobile-header-display":"","site-post-title":"","ast-breadcrumbs-content":"","ast-featured-img":"","footer-sml-layout":"","theme-transparent-header-meta":"","adv-header-id-meta":"","stick-header-meta":"","header-above-stick-meta":"","header-main-stick-meta":"","header-below-stick-meta":"","astra-migrate-meta-layouts":"set","ast-page-background-enabled":"default","ast-page-background-meta":{"desktop":{"background-color":"var(--ast-global-color-4)","background-image":"","background-repeat":"repeat","background-position":"center center","background-size":"auto","background-attachment":"scroll","background-type":"","background-media":"","overlay-type":"","overlay-color":"","overlay-opacity":"","overlay-gradient":""},"tablet":{"background-color":"","background-image":"","background-repeat":"repeat","background-position":"center center","background-size":"auto","background-attachment":"scroll","background-type":"","background-media":"","overlay-type":"","overlay-color":"","overlay-opacity":"","overlay-gradient":""},"mobile":{"background-color":"","background-image":"","background-repeat":"repeat","background-position":"center center","background-size":"auto","background-attachment":"scroll","background-type":"","background-media":"","overlay-type":"","overlay-color":"","overlay-opacity":"","overlay-gradient":""}},"ast-content-background-meta":{"desktop":{"background-color":"var(--ast-global-color-5)","background-image":"","background-repeat":"repeat","background-position":"center center","background-size":"auto","background-attachment":"scroll","background-type":"","background-media":"","overlay-type":"","overlay-color":"","overlay-opacity":"","overlay-gradient":""},"tablet":{"background-color":"var(--ast-global-color-5)","background-image":"","background-repeat":"repeat","background-position":"center center","background-size":"auto","background-attachment":"scroll","background-type":"","background-media":"","overlay-type":"","overlay-color":"","overlay-opacity":"","overlay-gradient":""},"mobile":{"background-color":"var(--ast-global-color-5)","background-image":"","background-repeat":"repeat","background-position":"center center","background-size":"auto","background-attachment":"scroll","background-type":"","background-media":"","overlay-type":"","overlay-color":"","overlay-opacity":"","overlay-gradient":""}},"footnotes":""},"class_list":["post-2261","page","type-page","status-publish","hentry"],"aioseo_notices":[],"_links":{"self":[{"href":"https:\/\/ruderschuhe.com\/fr\/wp-json\/wp\/v2\/pages\/2261","targetHints":{"allow":["GET"]}}],"collection":[{"href":"https:\/\/ruderschuhe.com\/fr\/wp-json\/wp\/v2\/pages"}],"about":[{"href":"https:\/\/ruderschuhe.com\/fr\/wp-json\/wp\/v2\/types\/page"}],"author":[{"embeddable":true,"href":"https:\/\/ruderschuhe.com\/fr\/wp-json\/wp\/v2\/users\/2"}],"replies":[{"embeddable":true,"href":"https:\/\/ruderschuhe.com\/fr\/wp-json\/wp\/v2\/comments?post=2261"}],"version-history":[{"count":1,"href":"https:\/\/ruderschuhe.com\/fr\/wp-json\/wp\/v2\/pages\/2261\/revisions"}],"predecessor-version":[{"id":5129,"href":"https:\/\/ruderschuhe.com\/fr\/wp-json\/wp\/v2\/pages\/2261\/revisions\/5129"}],"wp:attachment":[{"href":"https:\/\/ruderschuhe.com\/fr\/wp-json\/wp\/v2\/media?parent=2261"}],"curies":[{"name":"wp","href":"https:\/\/api.w.org\/{rel}","templated":true}]}}